{"id":1134,"date":"2016-10-24T10:10:29","date_gmt":"2016-10-24T08:10:29","guid":{"rendered":"http:\/\/oscarbribian.com\/?page_id=1134"},"modified":"2016-12-09T11:49:55","modified_gmt":"2016-12-09T10:49:55","slug":"el-secreto-de-dedalus","status":"publish","type":"page","link":"http:\/\/oscarbribian.com\/?page_id=1134","title":{"rendered":"El secreto de Dedalus"},"content":{"rendered":"<p style=\"color: #333333;\"><a href=\"https:\/\/i0.wp.com\/oscarbribian.com\/wp-content\/uploads\/2016\/10\/PORTADA_Elsecretodededalus.jpg\"><img data-recalc-dims=\"1\" loading=\"lazy\" decoding=\"async\" data-attachment-id=\"1138\" data-permalink=\"http:\/\/oscarbribian.com\/?attachment_id=1138\" data-orig-file=\"https:\/\/i0.wp.com\/oscarbribian.com\/wp-content\/uploads\/2016\/10\/PORTADA_Elsecretodededalus.jpg?fit=1728%2C2527\" data-orig-size=\"1728,2527\" data-comments-opened=\"1\" data-image-meta=\"{&quot;aperture&quot;:&quot;0&quot;,&quot;credit&quot;:&quot;&quot;,&quot;camera&quot;:&quot;&quot;,&quot;caption&quot;:&quot;&quot;,&quot;created_timestamp&quot;:&quot;0&quot;,&quot;copyright&quot;:&quot;&quot;,&quot;focal_length&quot;:&quot;0&quot;,&quot;iso&quot;:&quot;0&quot;,&quot;shutter_speed&quot;:&quot;0&quot;,&quot;title&quot;:&quot;&quot;,&quot;orientation&quot;:&quot;1&quot;}\" data-image-title=\"portada_elsecretodededalus\" data-image-description=\"\" data-image-caption=\"\" data-large-file=\"https:\/\/i0.wp.com\/oscarbribian.com\/wp-content\/uploads\/2016\/10\/PORTADA_Elsecretodededalus.jpg?fit=640%2C936\" class=\"wp-image-1138 size-medium alignleft\" src=\"https:\/\/i0.wp.com\/oscarbribian.com\/wp-content\/uploads\/2016\/10\/PORTADA_Elsecretodededalus.jpg?resize=205%2C300\" alt=\"portada_elsecretodededalus\" width=\"205\" height=\"300\" srcset=\"https:\/\/i0.wp.com\/oscarbribian.com\/wp-content\/uploads\/2016\/10\/PORTADA_Elsecretodededalus.jpg?resize=205%2C300 205w, https:\/\/i0.wp.com\/oscarbribian.com\/wp-content\/uploads\/2016\/10\/PORTADA_Elsecretodededalus.jpg?resize=768%2C1123 768w, https:\/\/i0.wp.com\/oscarbribian.com\/wp-content\/uploads\/2016\/10\/PORTADA_Elsecretodededalus.jpg?resize=700%2C1024 700w, https:\/\/i0.wp.com\/oscarbribian.com\/wp-content\/uploads\/2016\/10\/PORTADA_Elsecretodededalus.jpg?w=1728 1728w, https:\/\/i0.wp.com\/oscarbribian.com\/wp-content\/uploads\/2016\/10\/PORTADA_Elsecretodededalus.jpg?w=1280 1280w\" sizes=\"auto, (max-width: 205px) 100vw, 205px\" \/><\/a><\/p>\n<p style=\"color: #333333;\">Tem\u00e1tica: suspense, terror psicol\u00f3gico<\/p>\n<p style=\"color: #333333;\"><strong>Precio del libro en librer\u00edas<\/strong>: <strong>12 \u20ac<\/strong> \u00a0Ya sea en portales de Internet (pronto, en Cyberdark.net o Amazon, <a href=\"http:\/\/sacodehuesos.com\/a-sangre\/el-secreto-de-dedalus\">tienda Saco de Huesos<\/a>, sin gastos de env\u00edo) o librer\u00edas tradicionales de Zaragoza (Librer\u00eda Par\u00eds, librer\u00eda Central, Portadores de Sue\u00f1os, etc.) y otras ciudades. Nota: e<em>ste libro no tiene la misma presencia en librer\u00edas de todo el pa\u00eds y portales que otras obras m\u00edas, as\u00ed que si tienes problemas en localizarlo, ponte en contacto conmigo.<\/em><\/p>\n<p><strong>Precio e-book<\/strong>: <strong>3,99 \u20ac<\/strong> (Para Kindle: <a href=\"https:\/\/www.amazon.es\/El-secreto-Dedalus-%C3%93scar-Bribi%C3%A1n-ebook\/dp\/B01MRLZQNZ\/ref=sr_1_1?ie=UTF8&amp;qid=1479720455&amp;sr=8-1&amp;keywords=el+secreto+de+dedalus\">Amazon<\/a>; Para otros lectores y formatos: <a href=\"https:\/\/lektu.com\/l\/saco-de-huesos\/el-secreto-de-dedalus\/6103\">Lektu<\/a>)<\/p>\n<p>P\u00e1ginas: 150<\/p>\n<p><a href=\"https:\/\/lektu.com\/l\/saco-de-huesos\/el-secreto-de-dedalus\/6103\"><img data-recalc-dims=\"1\" loading=\"lazy\" decoding=\"async\" data-attachment-id=\"1171\" data-permalink=\"http:\/\/oscarbribian.com\/?attachment_id=1171\" data-orig-file=\"https:\/\/i0.wp.com\/oscarbribian.com\/wp-content\/uploads\/2016\/11\/elsecretodededalus_lektu.jpg?fit=1685%2C918\" data-orig-size=\"1685,918\" data-comments-opened=\"1\" data-image-meta=\"{&quot;aperture&quot;:&quot;0&quot;,&quot;credit&quot;:&quot;&quot;,&quot;camera&quot;:&quot;&quot;,&quot;caption&quot;:&quot;&quot;,&quot;created_timestamp&quot;:&quot;0&quot;,&quot;copyright&quot;:&quot;&quot;,&quot;focal_length&quot;:&quot;0&quot;,&quot;iso&quot;:&quot;0&quot;,&quot;shutter_speed&quot;:&quot;0&quot;,&quot;title&quot;:&quot;&quot;,&quot;orientation&quot;:&quot;1&quot;}\" data-image-title=\"elsecretodededalus_lektu\" data-image-description=\"\" data-image-caption=\"\" data-large-file=\"https:\/\/i0.wp.com\/oscarbribian.com\/wp-content\/uploads\/2016\/11\/elsecretodededalus_lektu.jpg?fit=640%2C349\" class=\"alignnone wp-image-1171 size-medium\" src=\"https:\/\/i0.wp.com\/oscarbribian.com\/wp-content\/uploads\/2016\/11\/elsecretodededalus_lektu.jpg?resize=300%2C163\" alt=\"elsecretodededalus_lektu\" width=\"300\" height=\"163\" srcset=\"https:\/\/i0.wp.com\/oscarbribian.com\/wp-content\/uploads\/2016\/11\/elsecretodededalus_lektu.jpg?resize=300%2C163 300w, https:\/\/i0.wp.com\/oscarbribian.com\/wp-content\/uploads\/2016\/11\/elsecretodededalus_lektu.jpg?resize=768%2C418 768w, https:\/\/i0.wp.com\/oscarbribian.com\/wp-content\/uploads\/2016\/11\/elsecretodededalus_lektu.jpg?resize=1024%2C558 1024w, https:\/\/i0.wp.com\/oscarbribian.com\/wp-content\/uploads\/2016\/11\/elsecretodededalus_lektu.jpg?w=1685 1685w, https:\/\/i0.wp.com\/oscarbribian.com\/wp-content\/uploads\/2016\/11\/elsecretodededalus_lektu.jpg?w=1280 1280w\" sizes=\"auto, (max-width: 300px) 100vw, 300px\" \/><\/a> <a href=\"https:\/\/www.amazon.es\/El-secreto-Dedalus-%C3%93scar-Bribi%C3%A1n-ebook\/dp\/B01MRLZQNZ\/ref=sr_1_1?ie=UTF8&amp;qid=1479720455&amp;sr=8-1&amp;keywords=el+secreto+de+dedalus\"><img data-recalc-dims=\"1\" loading=\"lazy\" decoding=\"async\" data-attachment-id=\"1170\" data-permalink=\"http:\/\/oscarbribian.com\/?attachment_id=1170\" data-orig-file=\"https:\/\/i0.wp.com\/oscarbribian.com\/wp-content\/uploads\/2016\/11\/elsecretodededalus_amazon.jpg?fit=1899%2C923\" data-orig-size=\"1899,923\" data-comments-opened=\"1\" data-image-meta=\"{&quot;aperture&quot;:&quot;0&quot;,&quot;credit&quot;:&quot;&quot;,&quot;camera&quot;:&quot;&quot;,&quot;caption&quot;:&quot;&quot;,&quot;created_timestamp&quot;:&quot;0&quot;,&quot;copyright&quot;:&quot;&quot;,&quot;focal_length&quot;:&quot;0&quot;,&quot;iso&quot;:&quot;0&quot;,&quot;shutter_speed&quot;:&quot;0&quot;,&quot;title&quot;:&quot;&quot;,&quot;orientation&quot;:&quot;1&quot;}\" data-image-title=\"elsecretodededalus_amazon\" data-image-description=\"\" data-image-caption=\"\" data-large-file=\"https:\/\/i0.wp.com\/oscarbribian.com\/wp-content\/uploads\/2016\/11\/elsecretodededalus_amazon.jpg?fit=640%2C311\" class=\"alignnone wp-image-1170 \" src=\"https:\/\/i0.wp.com\/oscarbribian.com\/wp-content\/uploads\/2016\/11\/elsecretodededalus_amazon.jpg?resize=325%2C158\" alt=\"elsecretodededalus_amazon\" width=\"325\" height=\"158\" srcset=\"https:\/\/i0.wp.com\/oscarbribian.com\/wp-content\/uploads\/2016\/11\/elsecretodededalus_amazon.jpg?resize=300%2C146 300w, https:\/\/i0.wp.com\/oscarbribian.com\/wp-content\/uploads\/2016\/11\/elsecretodededalus_amazon.jpg?resize=768%2C373 768w, https:\/\/i0.wp.com\/oscarbribian.com\/wp-content\/uploads\/2016\/11\/elsecretodededalus_amazon.jpg?resize=1024%2C498 1024w, https:\/\/i0.wp.com\/oscarbribian.com\/wp-content\/uploads\/2016\/11\/elsecretodededalus_amazon.jpg?w=1899 1899w, https:\/\/i0.wp.com\/oscarbribian.com\/wp-content\/uploads\/2016\/11\/elsecretodededalus_amazon.jpg?w=1280 1280w\" sizes=\"auto, (max-width: 325px) 100vw, 325px\" \/><\/a><\/p>\n<p><a href=\"https:\/\/i0.wp.com\/oscarbribian.com\/wp-content\/uploads\/2013\/03\/2016_diciembre_Heraldo.jpg\"><img data-recalc-dims=\"1\" loading=\"lazy\" decoding=\"async\" data-attachment-id=\"1183\" data-permalink=\"http:\/\/oscarbribian.com\/?attachment_id=1183\" data-orig-file=\"https:\/\/i0.wp.com\/oscarbribian.com\/wp-content\/uploads\/2013\/03\/2016_diciembre_Heraldo.jpg?fit=960%2C709\" data-orig-size=\"960,709\" data-comments-opened=\"1\" data-image-meta=\"{&quot;aperture&quot;:&quot;0&quot;,&quot;credit&quot;:&quot;&quot;,&quot;camera&quot;:&quot;&quot;,&quot;caption&quot;:&quot;&quot;,&quot;created_timestamp&quot;:&quot;0&quot;,&quot;copyright&quot;:&quot;&quot;,&quot;focal_length&quot;:&quot;0&quot;,&quot;iso&quot;:&quot;0&quot;,&quot;shutter_speed&quot;:&quot;0&quot;,&quot;title&quot;:&quot;&quot;,&quot;orientation&quot;:&quot;0&quot;}\" data-image-title=\"2016_diciembre_heraldo\" data-image-description=\"\" data-image-caption=\"\" data-large-file=\"https:\/\/i0.wp.com\/oscarbribian.com\/wp-content\/uploads\/2013\/03\/2016_diciembre_Heraldo.jpg?fit=640%2C473\" class=\"alignnone size-full wp-image-1183\" src=\"https:\/\/i0.wp.com\/oscarbribian.com\/wp-content\/uploads\/2013\/03\/2016_diciembre_Heraldo.jpg?resize=640%2C473\" alt=\"2016_diciembre_heraldo\" width=\"640\" height=\"473\" srcset=\"https:\/\/i0.wp.com\/oscarbribian.com\/wp-content\/uploads\/2013\/03\/2016_diciembre_Heraldo.jpg?w=960 960w, https:\/\/i0.wp.com\/oscarbribian.com\/wp-content\/uploads\/2013\/03\/2016_diciembre_Heraldo.jpg?resize=300%2C222 300w, https:\/\/i0.wp.com\/oscarbribian.com\/wp-content\/uploads\/2013\/03\/2016_diciembre_Heraldo.jpg?resize=768%2C567 768w\" sizes=\"auto, (max-width: 640px) 100vw, 640px\" \/><\/a><\/p>\n<p><a href=\"https:\/\/i0.wp.com\/oscarbribian.com\/wp-content\/uploads\/2016\/10\/Elsecretodededalus_cartel_mini.jpg\"><img data-recalc-dims=\"1\" loading=\"lazy\" decoding=\"async\" data-attachment-id=\"1135\" data-permalink=\"http:\/\/oscarbribian.com\/?attachment_id=1135\" data-orig-file=\"https:\/\/i0.wp.com\/oscarbribian.com\/wp-content\/uploads\/2016\/10\/Elsecretodededalus_cartel_mini.jpg?fit=886%2C620\" data-orig-size=\"886,620\" data-comments-opened=\"1\" data-image-meta=\"{&quot;aperture&quot;:&quot;0&quot;,&quot;credit&quot;:&quot;&quot;,&quot;camera&quot;:&quot;&quot;,&quot;caption&quot;:&quot;&quot;,&quot;created_timestamp&quot;:&quot;0&quot;,&quot;copyright&quot;:&quot;&quot;,&quot;focal_length&quot;:&quot;0&quot;,&quot;iso&quot;:&quot;0&quot;,&quot;shutter_speed&quot;:&quot;0&quot;,&quot;title&quot;:&quot;&quot;,&quot;orientation&quot;:&quot;1&quot;}\" data-image-title=\"elsecretodededalus_cartel_mini\" data-image-description=\"\" data-image-caption=\"\" data-large-file=\"https:\/\/i0.wp.com\/oscarbribian.com\/wp-content\/uploads\/2016\/10\/Elsecretodededalus_cartel_mini.jpg?fit=640%2C448\" class=\"alignnone wp-image-1135 size-full\" src=\"https:\/\/i0.wp.com\/oscarbribian.com\/wp-content\/uploads\/2016\/10\/Elsecretodededalus_cartel_mini.jpg?resize=640%2C448\" alt=\"elsecretodededalus_cartel_mini\" width=\"640\" height=\"448\" srcset=\"https:\/\/i0.wp.com\/oscarbribian.com\/wp-content\/uploads\/2016\/10\/Elsecretodededalus_cartel_mini.jpg?w=886 886w, https:\/\/i0.wp.com\/oscarbribian.com\/wp-content\/uploads\/2016\/10\/Elsecretodededalus_cartel_mini.jpg?resize=300%2C210 300w, https:\/\/i0.wp.com\/oscarbribian.com\/wp-content\/uploads\/2016\/10\/Elsecretodededalus_cartel_mini.jpg?resize=768%2C537 768w\" sizes=\"auto, (max-width: 640px) 100vw, 640px\" \/><\/a><\/p>\n<p><span style=\"color: #ff0000;\"><em>DOS BREVES FRAGMENTOS DE LA NOVELA:<\/em><\/span><\/p>\n<p><em>\u201cEntro en el videoclub y la dependienta me mira con acritud al descubrirme ojeando las pel\u00edculas porno situadas en la zona de adultos. Son las cuatro de la tarde y tengo el est\u00f3mago lleno despu\u00e9s de alimentarme en el burguer. No ten\u00eda ganas de cocinar despu\u00e9s del trabajo. Nunca antes hab\u00eda venido aqu\u00ed. Dos por uno entre semana. El cartero folla dos veces. La madre Teresa cumple veinte. Cleopatra y los no tan eunucos. Yo la miro de soslayo mientras simulo leer una car\u00e1tula. No tendr\u00e1 m\u00e1s de diecinueve a\u00f1os. Es bonita y morena, aunque de mirada tonta como la de una ac\u00e9mila. Desde luego no soy su tipo. \u00bfQu\u00e9 co\u00f1o miras? En cuanto giro el cuello ella se hace la despistada toqueteando el teclado del ordenador. Ni siquiera sabe manejarlo.<\/em><\/p>\n<p><em>Si tuviera alguna posibilidad le dir\u00eda algo. Pero la naturaleza no me ha regalado un buen falo con el que penetrarlas a todas sin que se sientan asqueadas. Mi protuberancia es un demonio encorvado que repele a cualquier mujer, imposible de extirpar por cualquier cirujano. El m\u00e9dico me lo dijo una vez. No hab\u00eda visto algo semejante en la vida. Ser\u00e1 mejor que la doctora Graus pase por aqu\u00ed, ella es experta en estos temas. \u00a1Caramba! Jam\u00e1s hab\u00eda visto esto. Es horrible. \u00bfC\u00f3mo se siente usted? Ahora peor, doctora, gracias por el comentario.<\/em><\/p>\n<p><em>Intentar no repetir mis visitas. S\u00e9 que ellas se fijan mucho en lo que buscan los clientes. Las he visto sonre\u00edr cuando un cliente con pinta de retrasado mental se marchaba con una pel\u00edcula de Walt Disney bajo el brazo. En una ocasi\u00f3n llegu\u00e9 a escuchar los chismorreos de dos dependientas comentando lo extra\u00f1o de un tipo que solo alquilaba pel\u00edculas antiguas. Pobres larvas de teleserie. Pronto ser\u00e1n mariposas ac\u00e9falas que se estrellar\u00e1n con un mundo imp\u00edo. Sonre\u00edd mientras sois j\u00f3venes y viv\u00eds con vuestros padres. Pronto vuestro cerebro seleccionar\u00e1 a una especie de mantis religiosa para que copule con vosotras, os diga que os quiere y os coma a tortazos e insultos tras la boda. Protagonistas del Libro de los Idiotas.\u201d<\/em><\/p>\n<p>&#8212;&#8212;&#8212;&#8212;&#8212;&#8212;&#8212;&#8212;&#8212;&#8212;&#8212;&#8212;&#8212;&#8212;&#8212;&#8212;&#8212;&#8212;&#8212;&#8212;&#8211;<\/p>\n<p>\u201cClack, se apaga la luz en el pasillo.<\/p>\n<p>Por suerte, cada trastero posee su circuito el\u00e9ctrico cerrado. La bombilla pende del techo como una ara\u00f1a iridiscente descolgada de su red. Pero a\u00fan con todo, cada vez que percibo ese clack, los colmillos de un escalofr\u00edo muerden mi nuca. Nunca conseguir\u00e9 acostumbrarme. S\u00e9 que las sombras dominan el exterior. Si la bombilla se fundiera en ese preciso momento\u2026 mejor no pensar en ello. Trato de buscar nerviosamente los apuntes. Es una caja grande, de pl\u00e1stico, de esas que se venden en los supermercados para almacenar la ropa. La encuentro debajo de unas mantas. Levanto la tapa y veo todo el mont\u00f3n de carpetas de cart\u00f3n almacenadas sin orden ni concierto. Cada una de ellas alberga el contenido de una o dos asignaturas diferentes. \u00bfD\u00f3nde habr\u00e9 guardado el expediente acad\u00e9mico?<\/p>\n<p>Noto que una p\u00e1tina de sudor perla mi frente. La atm\u00f3sfera aqu\u00ed debajo, apenas a unos metros bajo el nivel del suelo urbano, es h\u00fameda y silenciosa, como la que rodea un viejo cementerio gallego.<\/p>\n<p>Llevo varios minutos ojeando los apuntes, cuando de pronto percibo un siseo. No es una serpiente, sino algo mucho peor. Procede de un extremo del pasillo. Me atrever\u00eda a decir que de las escaleras de mi edificio. Por all\u00ed baja el monstruo, el ente. Lo oigo sisear a modo de reptil gigantesco. Imagino una mole viscosa, con mir\u00edadas de ojos como una bolsa de huevas sobre las fauces y largos tent\u00e1culos en el abdomen. Se arrastra como un caracol gigante, aproxim\u00e1ndose a la puerta n\u00famero seis, entreabierta.<\/p>\n<p>Me quedo petrificado. Si consiguiera encender la luz del pasillo podr\u00eda ahuyentar a esa bestia, pero no me da tiempo. Ya no. Si salgo me engullir\u00e1 como lo hizo con todos los vecinos ingenuos. No se trata solo de una ilusi\u00f3n. Hay algo en el pasillo, lo percibo. Quiz\u00e1s si venciera a mis miedos y saliera descubrir\u00eda algo mucho m\u00e1s aterrador de lo que mi imaginaci\u00f3n puede perge\u00f1ar. O quiz\u00e1s solo sea una fuga de gas. Una peque\u00f1a grieta en las tuber\u00edas. Pero lo escucho acercarse, lenta e inexorablemente, hacia m\u00ed. El gas no se acerca, las tuber\u00edas no avanzan arrastr\u00e1ndose. Ah\u00ed afuera hay algo desconocido. Excitado por el horror, doy un paso adelante y cierro de un portazo. La chapa golpea contra el marco. Giro la llave desde dentro y permanezco por un momento con el hombro izquierdo parapetando la entrada. La fugaz visi\u00f3n de un brutal brazo perforando la chapa y aferrando mi cuello, quebr\u00e1ndolo como una rama seca, hace que me retire a un rinc\u00f3n. All\u00ed me siento y cubro mi tr\u00e9mulo cuerpo con las mantas que antes he retirado. Suplico a un dios desconocido para que la bombilla no se apague en este momento, porque entonces me volver\u00eda tan loco que tendr\u00eda que rebanarme el cuello con la \u00ednfima navaja de mi llavero.<\/p>\n<p>Permanezco en silencio. Intento respirar acompasadamente, para no delatarme todav\u00eda m\u00e1s, aunque reconozco que es rid\u00edculo. <em>Ellos<\/em> saben que estoy aqu\u00ed. La luz de la bombilla se cuela bajo el umbral de la puerta. Ahora mismo todas las alima\u00f1as del laberinto se acercan al \u00fanico rinc\u00f3n donde la luz sobrevive. Las percibo. Las oigo arrastrarse por el suelo cubierto de polvo. La enorme criatura siseante apoya su cuerpo contra la chapa. Veo c\u00f3mo el metal se comba ligeramente bajo su peso. Un reguero de saliva se cuela por debajo de la puerta. Yo arrimo mi tembloroso cuerpo contra la pared, con los brazos alrededor de las rodillas. Mis manos han dejado de pertenecerme, ahora solo son dos marionetas enloquecidas. Las sienes palpitan como tambores en mi cabeza. Mis dientes casta\u00f1etean como si estuvieran sometidos al fr\u00edo del universo. Algo caliente recorre mi entrepierna y desciende hasta los tobillos. El or\u00edn es la \u00faltima palabra de los cobardes.\u201d<\/p>\n<p>&nbsp;<\/p>\n<p>El secreto de Dedalus, de \u00d3scar Bribi\u00e1n<\/p>\n<p><a href=\"http:\/\/sacodehuesos.com\/\">http:\/\/sacodehuesos.com\/<\/a>\u00a0\u00a0\u00a0\u00a0\u00a0\u00a0\u00a0\u00a0\u00a0\u00a0 <a href=\"http:\/\/oscarbribian.com\/\">http:\/\/oscarbribian.com\/<\/a><\/p>\n<p>&nbsp;<\/p>\n<p>&nbsp;<\/p>\n","protected":false},"excerpt":{"rendered":"<p>Tem\u00e1tica: suspense, terror psicol\u00f3gico Precio del libro en librer\u00edas: 12 \u20ac \u00a0Ya sea en portales de Internet (pronto, en Cyberdark.net o Amazon, tienda Saco de Huesos, sin gastos de env\u00edo) o librer\u00edas tradicionales de Zaragoza (Librer\u00eda Par\u00eds, librer\u00eda Central, Portadores &hellip; <a href=\"http:\/\/oscarbribian.com\/?page_id=1134\">Sigue leyendo <span class=\"meta-nav\">&rarr;<\/span><\/a><\/p>\n","protected":false},"author":1,"featured_media":0,"parent":9,"menu_order":0,"comment_status":"closed","ping_status":"closed","template":"","meta":{"jetpack_post_was_ever_published":false,"footnotes":""},"class_list":["post-1134","page","type-page","status-publish","hentry"],"jetpack_sharing_enabled":true,"jetpack_shortlink":"https:\/\/wp.me\/P9NjCT-ii","jetpack_likes_enabled":true,"jetpack-related-posts":[],"_links":{"self":[{"href":"http:\/\/oscarbribian.com\/index.php?rest_route=\/wp\/v2\/pages\/1134","targetHints":{"allow":["GET"]}}],"collection":[{"href":"http:\/\/oscarbribian.com\/index.php?rest_route=\/wp\/v2\/pages"}],"about":[{"href":"http:\/\/oscarbribian.com\/index.php?rest_route=\/wp\/v2\/types\/page"}],"author":[{"embeddable":true,"href":"http:\/\/oscarbribian.com\/index.php?rest_route=\/wp\/v2\/users\/1"}],"replies":[{"embeddable":true,"href":"http:\/\/oscarbribian.com\/index.php?rest_route=%2Fwp%2Fv2%2Fcomments&post=1134"}],"version-history":[{"count":16,"href":"http:\/\/oscarbribian.com\/index.php?rest_route=\/wp\/v2\/pages\/1134\/revisions"}],"predecessor-version":[{"id":1186,"href":"http:\/\/oscarbribian.com\/index.php?rest_route=\/wp\/v2\/pages\/1134\/revisions\/1186"}],"up":[{"embeddable":true,"href":"http:\/\/oscarbribian.com\/index.php?rest_route=\/wp\/v2\/pages\/9"}],"wp:attachment":[{"href":"http:\/\/oscarbribian.com\/index.php?rest_route=%2Fwp%2Fv2%2Fmedia&parent=1134"}],"curies":[{"name":"wp","href":"https:\/\/api.w.org\/{rel}","templated":true}]}}