{"id":14,"date":"2013-03-29T11:27:35","date_gmt":"2013-03-29T11:27:35","guid":{"rendered":"http:\/\/oscarbribian.com\/?page_id=14"},"modified":"2014-11-11T08:31:32","modified_gmt":"2014-11-11T07:31:32","slug":"libros-gratis","status":"publish","type":"page","link":"http:\/\/oscarbribian.com\/?page_id=14","title":{"rendered":"Libros gratis"},"content":{"rendered":"<p><strong><span style=\"color: #0000ff;\">Libros actualmente de descarga gratuita para Amazon:<\/span><\/strong><\/p>\n<p><a title=\"Descarga gratis Mentes perversas\" href=\"http:\/\/www.amazon.es\/Mentes-perversas-ebook\/dp\/B00AFK6LVW\/ref=sr_1_1?ie=UTF8&amp;qid=1364638041&amp;sr=8-1\"><img data-recalc-dims=\"1\" loading=\"lazy\" decoding=\"async\" data-attachment-id=\"73\" data-permalink=\"http:\/\/oscarbribian.com\/?attachment_id=73\" data-orig-file=\"https:\/\/i0.wp.com\/oscarbribian.com\/wp-content\/uploads\/2013\/03\/mentesperversas_kindle.jpg?fit=180%2C236\" data-orig-size=\"180,236\" data-comments-opened=\"1\" data-image-meta=\"{&quot;aperture&quot;:&quot;0&quot;,&quot;credit&quot;:&quot;&quot;,&quot;camera&quot;:&quot;&quot;,&quot;caption&quot;:&quot;&quot;,&quot;created_timestamp&quot;:&quot;0&quot;,&quot;copyright&quot;:&quot;&quot;,&quot;focal_length&quot;:&quot;0&quot;,&quot;iso&quot;:&quot;0&quot;,&quot;shutter_speed&quot;:&quot;0&quot;,&quot;title&quot;:&quot;&quot;}\" data-image-title=\"mentesperversas_kindle\" data-image-description=\"\" data-image-caption=\"\" data-large-file=\"https:\/\/i0.wp.com\/oscarbribian.com\/wp-content\/uploads\/2013\/03\/mentesperversas_kindle.jpg?fit=180%2C236\" class=\"wp-image-73 alignleft\" style=\"font-size: 0.8em; line-height: normal;\" src=\"https:\/\/i0.wp.com\/oscarbribian.com\/wp-content\/uploads\/2013\/03\/mentesperversas_kindle.jpg?resize=108%2C142\" alt=\"mentesperversas_kindle\" width=\"108\" height=\"142\" \/><\/a><\/p>\n<p>&nbsp;<\/p>\n<p>De vez en cuando pondr\u00e9 uno de mis libros para descarga gratuita como ebook\u00a0(en la medida en que Amazon me deje, ya que solo permite hacer esto 5 d\u00edas al a\u00f1o). Obviamente, ser\u00e1n aquellos t\u00edtulos\u00a0cuyos derechos no hayan sido cedidos a editoriales.<\/p>\n<p>&nbsp;<\/p>\n<p>&nbsp;<\/p>\n<p><strong><span style=\"color: #0000ff;\">Anticipos de novelas y antolog\u00edas:<\/span><\/strong><\/p>\n<p><strong><a href=\"https:\/\/i0.wp.com\/oscarbribian.com\/wp-content\/uploads\/2013\/03\/0icono_pluma.gif\"><img data-recalc-dims=\"1\" loading=\"lazy\" decoding=\"async\" data-attachment-id=\"394\" data-permalink=\"http:\/\/oscarbribian.com\/?attachment_id=394\" data-orig-file=\"https:\/\/i0.wp.com\/oscarbribian.com\/wp-content\/uploads\/2013\/03\/0icono_pluma.gif?fit=19%2C20\" data-orig-size=\"19,20\" data-comments-opened=\"1\" data-image-meta=\"{&quot;aperture&quot;:&quot;0&quot;,&quot;credit&quot;:&quot;&quot;,&quot;camera&quot;:&quot;&quot;,&quot;caption&quot;:&quot;&quot;,&quot;created_timestamp&quot;:&quot;0&quot;,&quot;copyright&quot;:&quot;&quot;,&quot;focal_length&quot;:&quot;0&quot;,&quot;iso&quot;:&quot;0&quot;,&quot;shutter_speed&quot;:&quot;0&quot;,&quot;title&quot;:&quot;&quot;}\" data-image-title=\"0icono_pluma\" data-image-description=\"\" data-image-caption=\"\" data-large-file=\"https:\/\/i0.wp.com\/oscarbribian.com\/wp-content\/uploads\/2013\/03\/0icono_pluma.gif?fit=19%2C20\" class=\"alignnone size-full wp-image-394\" src=\"https:\/\/i0.wp.com\/oscarbribian.com\/wp-content\/uploads\/2013\/03\/0icono_pluma.gif?resize=19%2C20\" alt=\"0icono_pluma\" width=\"19\" height=\"20\" \/><\/a><a href=\"http:\/\/www.ed-versatil.com\/web\/wp-content\/uploads\/CAPIS-DEPREDADOR.pdf\" target=\"_blank\"><em>El sue\u00f1o del depredador <\/em><\/a><\/strong>(primeros cap\u00edtulos en pdf)<\/p>\n<p><img data-recalc-dims=\"1\" loading=\"lazy\" decoding=\"async\" data-attachment-id=\"394\" data-permalink=\"http:\/\/oscarbribian.com\/?attachment_id=394\" data-orig-file=\"https:\/\/i0.wp.com\/oscarbribian.com\/wp-content\/uploads\/2013\/03\/0icono_pluma.gif?fit=19%2C20\" data-orig-size=\"19,20\" data-comments-opened=\"1\" data-image-meta=\"{&quot;aperture&quot;:&quot;0&quot;,&quot;credit&quot;:&quot;&quot;,&quot;camera&quot;:&quot;&quot;,&quot;caption&quot;:&quot;&quot;,&quot;created_timestamp&quot;:&quot;0&quot;,&quot;copyright&quot;:&quot;&quot;,&quot;focal_length&quot;:&quot;0&quot;,&quot;iso&quot;:&quot;0&quot;,&quot;shutter_speed&quot;:&quot;0&quot;,&quot;title&quot;:&quot;&quot;}\" data-image-title=\"0icono_pluma\" data-image-description=\"\" data-image-caption=\"\" data-large-file=\"https:\/\/i0.wp.com\/oscarbribian.com\/wp-content\/uploads\/2013\/03\/0icono_pluma.gif?fit=19%2C20\" class=\"alignnone wp-image-394 size-full\" style=\"font-size: 0.8em; line-height: normal;\" src=\"https:\/\/i0.wp.com\/oscarbribian.com\/wp-content\/uploads\/2013\/03\/0icono_pluma.gif?resize=19%2C20\" alt=\"0icono_pluma\" width=\"19\" height=\"20\" \/><a title=\"Anticipo de Raazbal\" href=\"http:\/\/oscarbribian.com\/wp-content\/uploads\/2013\/03\/Raazbal-primera-parte-Oscar-Bribian1.pdf\"><em><strong>Raazbal<\/strong><\/em> en pdf (primeras 100 p\u00e1ginas)<\/a><\/p>\n<p><a style=\"font-size: 0.8em;\" href=\"https:\/\/i0.wp.com\/oscarbribian.com\/wp-content\/uploads\/2013\/03\/0icono_pluma.gif\"><img data-recalc-dims=\"1\" loading=\"lazy\" decoding=\"async\" data-attachment-id=\"394\" data-permalink=\"http:\/\/oscarbribian.com\/?attachment_id=394\" data-orig-file=\"https:\/\/i0.wp.com\/oscarbribian.com\/wp-content\/uploads\/2013\/03\/0icono_pluma.gif?fit=19%2C20\" data-orig-size=\"19,20\" data-comments-opened=\"1\" data-image-meta=\"{&quot;aperture&quot;:&quot;0&quot;,&quot;credit&quot;:&quot;&quot;,&quot;camera&quot;:&quot;&quot;,&quot;caption&quot;:&quot;&quot;,&quot;created_timestamp&quot;:&quot;0&quot;,&quot;copyright&quot;:&quot;&quot;,&quot;focal_length&quot;:&quot;0&quot;,&quot;iso&quot;:&quot;0&quot;,&quot;shutter_speed&quot;:&quot;0&quot;,&quot;title&quot;:&quot;&quot;}\" data-image-title=\"0icono_pluma\" data-image-description=\"\" data-image-caption=\"\" data-large-file=\"https:\/\/i0.wp.com\/oscarbribian.com\/wp-content\/uploads\/2013\/03\/0icono_pluma.gif?fit=19%2C20\" class=\"alignnone size-full wp-image-394\" src=\"https:\/\/i0.wp.com\/oscarbribian.com\/wp-content\/uploads\/2013\/03\/0icono_pluma.gif?resize=19%2C20\" alt=\"0icono_pluma\" width=\"19\" height=\"20\" \/><\/a><strong><a href=\"http:\/\/oscarbribian.com\/wp-content\/uploads\/2013\/03\/Luci1.pdf\"><em>Luci<\/em> <\/a><\/strong>y <strong><a href=\"http:\/\/oscarbribian.com\/wp-content\/uploads\/2013\/03\/El-hoyo1.pdf\"><em>El hoyo<\/em><\/a><\/strong>, primer y \u00faltimo relato del libro Mentes perversas, en pdf.<\/p>\n<p>&nbsp;<\/p>\n<p><strong><span style=\"color: #0000ff;\">Relatos:<\/span><\/strong><\/p>\n<p><img data-recalc-dims=\"1\" loading=\"lazy\" decoding=\"async\" data-attachment-id=\"394\" data-permalink=\"http:\/\/oscarbribian.com\/?attachment_id=394\" data-orig-file=\"https:\/\/i0.wp.com\/oscarbribian.com\/wp-content\/uploads\/2013\/03\/0icono_pluma.gif?fit=19%2C20\" data-orig-size=\"19,20\" data-comments-opened=\"1\" data-image-meta=\"{&quot;aperture&quot;:&quot;0&quot;,&quot;credit&quot;:&quot;&quot;,&quot;camera&quot;:&quot;&quot;,&quot;caption&quot;:&quot;&quot;,&quot;created_timestamp&quot;:&quot;0&quot;,&quot;copyright&quot;:&quot;&quot;,&quot;focal_length&quot;:&quot;0&quot;,&quot;iso&quot;:&quot;0&quot;,&quot;shutter_speed&quot;:&quot;0&quot;,&quot;title&quot;:&quot;&quot;}\" data-image-title=\"0icono_pluma\" data-image-description=\"\" data-image-caption=\"\" data-large-file=\"https:\/\/i0.wp.com\/oscarbribian.com\/wp-content\/uploads\/2013\/03\/0icono_pluma.gif?fit=19%2C20\" class=\"alignnone size-full wp-image-394\" style=\"font-size: 0.8em; line-height: normal;\" src=\"https:\/\/i0.wp.com\/oscarbribian.com\/wp-content\/uploads\/2013\/03\/0icono_pluma.gif?resize=19%2C20\" alt=\"0icono_pluma\" width=\"19\" height=\"20\" \/><em><a href=\"http:\/\/oscarbribian.com\/wp-content\/uploads\/2013\/03\/El-hoyo1.pdf\">El hoyo<\/a>\u00a0(pdf)<\/em><\/p>\n<p><img data-recalc-dims=\"1\" loading=\"lazy\" decoding=\"async\" data-attachment-id=\"394\" data-permalink=\"http:\/\/oscarbribian.com\/?attachment_id=394\" data-orig-file=\"https:\/\/i0.wp.com\/oscarbribian.com\/wp-content\/uploads\/2013\/03\/0icono_pluma.gif?fit=19%2C20\" data-orig-size=\"19,20\" data-comments-opened=\"1\" data-image-meta=\"{&quot;aperture&quot;:&quot;0&quot;,&quot;credit&quot;:&quot;&quot;,&quot;camera&quot;:&quot;&quot;,&quot;caption&quot;:&quot;&quot;,&quot;created_timestamp&quot;:&quot;0&quot;,&quot;copyright&quot;:&quot;&quot;,&quot;focal_length&quot;:&quot;0&quot;,&quot;iso&quot;:&quot;0&quot;,&quot;shutter_speed&quot;:&quot;0&quot;,&quot;title&quot;:&quot;&quot;}\" data-image-title=\"0icono_pluma\" data-image-description=\"\" data-image-caption=\"\" data-large-file=\"https:\/\/i0.wp.com\/oscarbribian.com\/wp-content\/uploads\/2013\/03\/0icono_pluma.gif?fit=19%2C20\" class=\"alignnone size-full wp-image-394\" style=\"font-size: 0.8em; line-height: normal;\" src=\"https:\/\/i0.wp.com\/oscarbribian.com\/wp-content\/uploads\/2013\/03\/0icono_pluma.gif?resize=19%2C20\" alt=\"0icono_pluma\" width=\"19\" height=\"20\" \/><em><a href=\"http:\/\/oscarbribian.com\/wp-content\/uploads\/2013\/03\/Luci1.pdf\">Luci<\/a>\u00a0(pdf)<\/em><\/p>\n<p>&nbsp;<\/p>\n<p><strong><span style=\"color: #0000ff;\">Microrrelatos:<\/span><\/strong><\/p>\n<p><b><span style=\"text-decoration: underline;\"><a href=\"https:\/\/i0.wp.com\/oscarbribian.com\/wp-content\/uploads\/2013\/03\/0icono_pluma.gif\"><img data-recalc-dims=\"1\" loading=\"lazy\" decoding=\"async\" data-attachment-id=\"394\" data-permalink=\"http:\/\/oscarbribian.com\/?attachment_id=394\" data-orig-file=\"https:\/\/i0.wp.com\/oscarbribian.com\/wp-content\/uploads\/2013\/03\/0icono_pluma.gif?fit=19%2C20\" data-orig-size=\"19,20\" data-comments-opened=\"1\" data-image-meta=\"{&quot;aperture&quot;:&quot;0&quot;,&quot;credit&quot;:&quot;&quot;,&quot;camera&quot;:&quot;&quot;,&quot;caption&quot;:&quot;&quot;,&quot;created_timestamp&quot;:&quot;0&quot;,&quot;copyright&quot;:&quot;&quot;,&quot;focal_length&quot;:&quot;0&quot;,&quot;iso&quot;:&quot;0&quot;,&quot;shutter_speed&quot;:&quot;0&quot;,&quot;title&quot;:&quot;&quot;}\" data-image-title=\"0icono_pluma\" data-image-description=\"\" data-image-caption=\"\" data-large-file=\"https:\/\/i0.wp.com\/oscarbribian.com\/wp-content\/uploads\/2013\/03\/0icono_pluma.gif?fit=19%2C20\" class=\"alignnone size-full wp-image-394\" src=\"https:\/\/i0.wp.com\/oscarbribian.com\/wp-content\/uploads\/2013\/03\/0icono_pluma.gif?resize=19%2C20\" alt=\"0icono_pluma\" width=\"19\" height=\"20\" \/><\/a><\/span><\/b><em><strong>El Ebro<\/strong><\/em> (Premiado en el certamen Heraldo.es del a\u00f1o 2011)<\/p>\n<p>Esta primavera decid\u00ed beberme el r\u00edo Ebro, una ancha y sinuosa arruga que atraviesa la tierra aragonesa. Abord\u00e9 mi plan con absoluta determinaci\u00f3n, como quien afronta convencido un proyecto insondable. Cada ruborizado atardecer me agachaba junto a la orilla y sorb\u00eda despacio, durante horas. Me tragaba todo lo que llegaba a mi boca: agua, barro, peces, troncos a la deriva, todo. Saciado, volv\u00eda a casa contento, viendo detr\u00e1s de m\u00ed a un gigante reducido poquito a poco. No le cont\u00e9 a nadie mi secreto, hasta que la gente empez\u00f3 a advertir el descenso de caudal. Lleg\u00f3 el verano y se pod\u00edan ver los peces en el fondo, y las basuras que los ni\u00f1os arrojaban. Todos hablaron de deshielos, cambios clim\u00e1ticos y falta de lluvias.\u00a0Tontos, ninguno cree que fui yo cuando declaro mi culpa desde el puente.<\/p>\n<p>&nbsp;<\/p>\n<p><b><a href=\"https:\/\/i0.wp.com\/oscarbribian.com\/wp-content\/uploads\/2013\/03\/0icono_pluma.gif\"><img data-recalc-dims=\"1\" loading=\"lazy\" decoding=\"async\" src=\"https:\/\/i0.wp.com\/oscarbribian.com\/wp-content\/uploads\/2013\/03\/0icono_pluma.gif?resize=19%2C20\" alt=\"0icono_pluma\" width=\"19\" height=\"20\" \/><\/a><\/b><em><strong>Los duendes<\/strong><\/em>\u00a0(Ganador del certamen Heraldo.es del a\u00f1o 2013)<\/p>\n<p>Los duendes machos aparecen por la noche, cuando la niebla empieza a condensarse.<br \/>\nVienen de valles como Gista\u00edn o Benasque, atra\u00eddos por las luces de las ciudades y las feromonas de las hembras en celo. Abandonan sus escondrijos bajo el musgo para aventurarse en los r\u00edos de asfalto.<br \/>\nTrepan las paredes de ladrillo como trasgos. Llegan al encuentro de las hembras, que viven en nuestros tejados, entre nidos de paloma y avisperos, correteando como lagartijas de nariz puntiaguda. All\u00ed hacen el amor con lentitud, como gal\u00e1pagos.<br \/>\nSolo algunos sabemos que existen. Hay quienes los aguardan con redes y jugosas recompensas en sus pensamientos. Unos pocos colocamos incienso en los alf\u00e9izares, con la esperanza de que el olor a s\u00e1ndalo los atraiga.<br \/>\nMe dice el psiquiatra que la mitolog\u00eda es fantas\u00eda. Que los duendes no existen.<br \/>\nC\u00f3mo no van a existir, si yo, Polifemo, llevo a\u00f1os esper\u00e1ndolos, desde que al intentar atrapar a uno de aquellos miserables bichos, me cegaron el ojo con un alfiler.<\/p>\n<p>&nbsp;<\/p>\n","protected":false},"excerpt":{"rendered":"<p>Libros actualmente de descarga gratuita para Amazon: &nbsp; De vez en cuando pondr\u00e9 uno de mis libros para descarga gratuita como ebook\u00a0(en la medida en que Amazon me deje, ya que solo permite hacer esto 5 d\u00edas al a\u00f1o). Obviamente, &hellip; <a href=\"http:\/\/oscarbribian.com\/?page_id=14\">Sigue leyendo <span class=\"meta-nav\">&rarr;<\/span><\/a><\/p>\n","protected":false},"author":1,"featured_media":0,"parent":0,"menu_order":0,"comment_status":"open","ping_status":"open","template":"","meta":{"jetpack_post_was_ever_published":false,"footnotes":""},"class_list":["post-14","page","type-page","status-publish","hentry"],"jetpack_sharing_enabled":true,"jetpack_shortlink":"https:\/\/wp.me\/P9NjCT-e","jetpack_likes_enabled":true,"jetpack-related-posts":[],"_links":{"self":[{"href":"http:\/\/oscarbribian.com\/index.php?rest_route=\/wp\/v2\/pages\/14","targetHints":{"allow":["GET"]}}],"collection":[{"href":"http:\/\/oscarbribian.com\/index.php?rest_route=\/wp\/v2\/pages"}],"about":[{"href":"http:\/\/oscarbribian.com\/index.php?rest_route=\/wp\/v2\/types\/page"}],"author":[{"embeddable":true,"href":"http:\/\/oscarbribian.com\/index.php?rest_route=\/wp\/v2\/users\/1"}],"replies":[{"embeddable":true,"href":"http:\/\/oscarbribian.com\/index.php?rest_route=%2Fwp%2Fv2%2Fcomments&post=14"}],"version-history":[{"count":10,"href":"http:\/\/oscarbribian.com\/index.php?rest_route=\/wp\/v2\/pages\/14\/revisions"}],"predecessor-version":[{"id":1000,"href":"http:\/\/oscarbribian.com\/index.php?rest_route=\/wp\/v2\/pages\/14\/revisions\/1000"}],"wp:attachment":[{"href":"http:\/\/oscarbribian.com\/index.php?rest_route=%2Fwp%2Fv2%2Fmedia&parent=14"}],"curies":[{"name":"wp","href":"https:\/\/api.w.org\/{rel}","templated":true}]}}