{"id":15,"date":"2013-03-29T11:27:53","date_gmt":"2013-03-29T11:27:53","guid":{"rendered":"http:\/\/oscarbribian.com\/?page_id=15"},"modified":"2016-10-18T08:21:41","modified_gmt":"2016-10-18T06:21:41","slug":"mentes-perversas","status":"publish","type":"page","link":"http:\/\/oscarbribian.com\/?page_id=15","title":{"rendered":"Mentes perversas"},"content":{"rendered":"<p><a href=\"https:\/\/i0.wp.com\/oscarbribian.com\/wp-content\/uploads\/2013\/03\/peque_portadamentesperversas.jpg\"><img data-recalc-dims=\"1\" loading=\"lazy\" decoding=\"async\" data-attachment-id=\"79\" data-permalink=\"http:\/\/oscarbribian.com\/?attachment_id=79\" data-orig-file=\"https:\/\/i0.wp.com\/oscarbribian.com\/wp-content\/uploads\/2013\/03\/peque_portadamentesperversas.jpg?fit=391%2C611\" data-orig-size=\"391,611\" data-comments-opened=\"1\" data-image-meta=\"{&quot;aperture&quot;:&quot;0&quot;,&quot;credit&quot;:&quot;&quot;,&quot;camera&quot;:&quot;&quot;,&quot;caption&quot;:&quot;&quot;,&quot;created_timestamp&quot;:&quot;0&quot;,&quot;copyright&quot;:&quot;&quot;,&quot;focal_length&quot;:&quot;0&quot;,&quot;iso&quot;:&quot;0&quot;,&quot;shutter_speed&quot;:&quot;0&quot;,&quot;title&quot;:&quot;&quot;}\" data-image-title=\"peque_portadamentesperversas\" data-image-description=\"\" data-image-caption=\"\" data-large-file=\"https:\/\/i0.wp.com\/oscarbribian.com\/wp-content\/uploads\/2013\/03\/peque_portadamentesperversas.jpg?fit=391%2C611\" class=\"wp-image-79 alignleft\" src=\"https:\/\/i0.wp.com\/oscarbribian.com\/wp-content\/uploads\/2013\/03\/peque_portadamentesperversas.jpg?resize=235%2C367\" alt=\"peque_portadamentesperversas\" width=\"235\" height=\"367\" \/><\/a><\/p>\n<p>Precio libro impreso en librer\u00edas: 13,5 \u20ac (<a title=\"Compra Mentes perversas\" href=\"http:\/\/www.casadellibro.com\/libro-mentes-perversas\/9788484653288\/1652523\" target=\"_blank\">Casa del libro<\/a>)<\/p>\n<p>Precio e-book: entre 0,89 y 2,70\u20ac en\u00a0<a title=\"Mentes perversas para tu Kindle\" href=\"http:\/\/www.amazon.es\/Mentes-perversas-ebook\/dp\/B00AFK6LVW\/ref=sr_1_1?s=digital-text&amp;ie=UTF8&amp;qid=1354727469&amp;sr=1-1\" target=\"_blank\">Amazon<\/a><\/p>\n<p>Precio epub sin DRM: 2,68\u20ac en\u00a0<a title=\"Mentes perversas en formato epub\" href=\"https:\/\/literaturame.net\/libro\/mentes-perversas\" target=\"_blank\">Literat\u00farame<\/a><\/p>\n<p>P\u00e1ginas: 150<\/p>\n<p><strong>SINOPSIS:<\/strong><\/p>\n<p>Trece inquietantes historias a trav\u00e9s de diversos estilos narrativos. Mentes Perversas pretende ahondar en la psicolog\u00eda humana y explorar la maldad en todas sus vertientes, en las sutiles y en las m\u00e1s extremas, mediante una prosa \u00e1gil y adictiva. La envidia, el horror, el sexo y el humor m\u00e1s sutil subyacen bajo las desequilibradas mentes de los protagonistas, en una obra donde la locura se diluye en un mosaico de pasiones.<\/p>\n<p>&nbsp;<\/p>\n<p><span style=\"color: #ff0000;\">\u00ab<em>Un libro para mentes que sepan apreciar la buena literatura\u00bb\u00a0<\/em><strong>Juan Bolea<\/strong>\u00a0(El Peri\u00f3dico de Arag\u00f3n)\u00a0<\/span><\/p>\n<p><span style=\"color: #ff0000;\">\u00ab<em>Bribi\u00e1n quer\u00eda jugar con las emociones fuertes, quer\u00eda estremecer y hacer palidecer, y lo logra: es descarnado y directo<\/em>\u00ab.\u00a0<strong>Ant\u00f3n Castro<\/strong>\u00a0(Heraldo de Arag\u00f3n)<\/span><\/p>\n<p><span style=\"color: #ff0000;\">\u00ab<em>Si tienes hijos reci\u00e9n nacidos, hijos de 6 a\u00f1os, hijas de 20, perros, gatos o mascotas de cualquier tipo, NO compres este libro. Porque Mentes perversas de \u00d3scar Bribi\u00e1n arranca, a la primera, el maquillaje de los demonios ahogando nuestra inocencia en una ba\u00f1era<\/em>\u00ab.\u00a0<strong>Luis Borr\u00e1s<\/strong>(Diario del Alto Arag\u00f3n)<\/span><\/p>\n<p><a href=\"http:\/\/www.amazon.es\/Mentes-perversas-Oscar-Bribian-ebook\/dp\/B00AFK6LVW\/ref=sr_1_2?ie=UTF8&amp;qid=1412470879&amp;sr=8-2&amp;keywords=mentes+perversas\" target=\"_blank\"><img data-recalc-dims=\"1\" loading=\"lazy\" decoding=\"async\" data-attachment-id=\"558\" data-permalink=\"http:\/\/oscarbribian.com\/?attachment_id=558\" data-orig-file=\"https:\/\/i0.wp.com\/oscarbribian.com\/wp-content\/uploads\/2013\/03\/mentesperversas_banner_small.jpg?fit=360%2C150\" data-orig-size=\"360,150\" data-comments-opened=\"1\" data-image-meta=\"{&quot;aperture&quot;:&quot;0&quot;,&quot;credit&quot;:&quot;&quot;,&quot;camera&quot;:&quot;&quot;,&quot;caption&quot;:&quot;&quot;,&quot;created_timestamp&quot;:&quot;0&quot;,&quot;copyright&quot;:&quot;&quot;,&quot;focal_length&quot;:&quot;0&quot;,&quot;iso&quot;:&quot;0&quot;,&quot;shutter_speed&quot;:&quot;0&quot;,&quot;title&quot;:&quot;&quot;}\" data-image-title=\"mentesperversas_banner_small\" data-image-description=\"\" data-image-caption=\"\" data-large-file=\"https:\/\/i0.wp.com\/oscarbribian.com\/wp-content\/uploads\/2013\/03\/mentesperversas_banner_small.jpg?fit=360%2C150\" class=\"alignnone size-full wp-image-558\" src=\"https:\/\/i0.wp.com\/oscarbribian.com\/wp-content\/uploads\/2013\/03\/mentesperversas_banner_small.jpg?resize=360%2C150\" alt=\"mentesperversas_banner_small\" width=\"360\" height=\"150\" srcset=\"https:\/\/i0.wp.com\/oscarbribian.com\/wp-content\/uploads\/2013\/03\/mentesperversas_banner_small.jpg?w=360 360w, https:\/\/i0.wp.com\/oscarbribian.com\/wp-content\/uploads\/2013\/03\/mentesperversas_banner_small.jpg?resize=300%2C125 300w\" sizes=\"auto, (max-width: 360px) 100vw, 360px\" \/><\/a><\/p>\n<p><a href=\"http:\/\/oscarbribian.com\/wp-content\/uploads\/2013\/03\/Luci1.pdf\" target=\"_blank\">Descargar gratis en pdf el relato \u00abLuci\u00bb<\/a><\/p>\n<p align=\"justify\"><a href=\"http:\/\/oscarbribian.com\/wp-content\/uploads\/2013\/03\/El-hoyo1.pdf\" target=\"_blank\">Descargar gratis en pdf el relato \u00abEl hoyo\u00bb<\/a><\/p>\n<p align=\"justify\">\n","protected":false},"excerpt":{"rendered":"<p>Precio libro impreso en librer\u00edas: 13,5 \u20ac (Casa del libro) Precio e-book: entre 0,89 y 2,70\u20ac en\u00a0Amazon Precio epub sin DRM: 2,68\u20ac en\u00a0Literat\u00farame P\u00e1ginas: 150 SINOPSIS: Trece inquietantes historias a trav\u00e9s de diversos estilos narrativos. Mentes Perversas pretende ahondar en &hellip; <a href=\"http:\/\/oscarbribian.com\/?page_id=15\">Sigue leyendo <span class=\"meta-nav\">&rarr;<\/span><\/a><\/p>\n","protected":false},"author":1,"featured_media":0,"parent":9,"menu_order":0,"comment_status":"open","ping_status":"open","template":"","meta":{"jetpack_post_was_ever_published":false,"footnotes":""},"class_list":["post-15","page","type-page","status-publish","hentry"],"jetpack_sharing_enabled":true,"jetpack_shortlink":"https:\/\/wp.me\/P9NjCT-f","jetpack_likes_enabled":true,"jetpack-related-posts":[],"_links":{"self":[{"href":"http:\/\/oscarbribian.com\/index.php?rest_route=\/wp\/v2\/pages\/15","targetHints":{"allow":["GET"]}}],"collection":[{"href":"http:\/\/oscarbribian.com\/index.php?rest_route=\/wp\/v2\/pages"}],"about":[{"href":"http:\/\/oscarbribian.com\/index.php?rest_route=\/wp\/v2\/types\/page"}],"author":[{"embeddable":true,"href":"http:\/\/oscarbribian.com\/index.php?rest_route=\/wp\/v2\/users\/1"}],"replies":[{"embeddable":true,"href":"http:\/\/oscarbribian.com\/index.php?rest_route=%2Fwp%2Fv2%2Fcomments&post=15"}],"version-history":[{"count":7,"href":"http:\/\/oscarbribian.com\/index.php?rest_route=\/wp\/v2\/pages\/15\/revisions"}],"predecessor-version":[{"id":930,"href":"http:\/\/oscarbribian.com\/index.php?rest_route=\/wp\/v2\/pages\/15\/revisions\/930"}],"up":[{"embeddable":true,"href":"http:\/\/oscarbribian.com\/index.php?rest_route=\/wp\/v2\/pages\/9"}],"wp:attachment":[{"href":"http:\/\/oscarbribian.com\/index.php?rest_route=%2Fwp%2Fv2%2Fmedia&parent=15"}],"curies":[{"name":"wp","href":"https:\/\/api.w.org\/{rel}","templated":true}]}}