{"id":16,"date":"2013-03-29T11:28:04","date_gmt":"2013-03-29T11:28:04","guid":{"rendered":"http:\/\/oscarbribian.com\/?page_id=16"},"modified":"2016-10-18T08:22:00","modified_gmt":"2016-10-18T06:22:00","slug":"raazbal","status":"publish","type":"page","link":"http:\/\/oscarbribian.com\/?page_id=16","title":{"rendered":"Raazbal"},"content":{"rendered":"<p><a style=\"color: #ed1e24; text-decoration: underline; font-size: 0.8em;\" href=\"https:\/\/i0.wp.com\/oscarbribian.com\/wp-content\/uploads\/2013\/03\/raazbal-small.jpg\"><img data-recalc-dims=\"1\" loading=\"lazy\" decoding=\"async\" data-attachment-id=\"84\" data-permalink=\"http:\/\/oscarbribian.com\/?attachment_id=84\" data-orig-file=\"https:\/\/i0.wp.com\/oscarbribian.com\/wp-content\/uploads\/2013\/03\/raazbal-small.jpg?fit=265%2C388\" data-orig-size=\"265,388\" data-comments-opened=\"1\" data-image-meta=\"{&quot;aperture&quot;:&quot;0&quot;,&quot;credit&quot;:&quot;&quot;,&quot;camera&quot;:&quot;&quot;,&quot;caption&quot;:&quot;&quot;,&quot;created_timestamp&quot;:&quot;0&quot;,&quot;copyright&quot;:&quot;&quot;,&quot;focal_length&quot;:&quot;0&quot;,&quot;iso&quot;:&quot;0&quot;,&quot;shutter_speed&quot;:&quot;0&quot;,&quot;title&quot;:&quot;&quot;}\" data-image-title=\"raazbal small\" data-image-description=\"\" data-image-caption=\"\" data-large-file=\"https:\/\/i0.wp.com\/oscarbribian.com\/wp-content\/uploads\/2013\/03\/raazbal-small.jpg?fit=265%2C388\" class=\" wp-image-84 alignleft\" src=\"https:\/\/i0.wp.com\/oscarbribian.com\/wp-content\/uploads\/2013\/03\/raazbal-small.jpg?resize=270%2C420\" alt=\"raazbal small\" width=\"270\" height=\"420\" \/><\/a><\/p>\n<p><span style=\"font-size: 0.8em;\">\u00a0<\/span>Precio libro impreso en librer\u00edas: 16,95 \u20ac<\/p>\n<p>Precio e-book: entre 0,89 y 2,70\u20ac en <a title=\"Raazbal para tu Kindle\" href=\"http:\/\/www.amazon.es\/Raazbal-ebook\/dp\/B0087WMT2A\/ref=sr_1_1?ie=UTF8&amp;qid=1343943486&amp;sr=8-1\" target=\"_blank\">Amazon<\/a><\/p>\n<p>Precio epub sin DRM: 2,68\u20ac en <a title=\"Raazbal en formato epub\" href=\"https:\/\/literaturame.net\/libro\/raazbal\">Literat\u00farame<\/a><\/p>\n<p>P\u00e1ginas: 300<\/p>\n<p><strong>SINOPSIS:<\/strong><\/p>\n<p>Arasca, el Mundo Oculto, est\u00e1 a punto de experimentar una \u00e9poca turbulenta. Mart\u00edn es designado como mensajero en una trama que se cierne sobre el rey de Pulse. Pero los acontecimientos se desencadenan, erigi\u00e9ndolo como protector de las misteriosas Piedras Alma, y oblig\u00e1ndolo a alistarse en pleno invierno en el mayor ej\u00e9rcito jam\u00e1s visto, en una cruzada proclamada contra los invasores procedentes de oriente. Junto con un anciano sabio, la nieta de \u00e9ste y un controvertido mercenario, Mart\u00edn se adentrar\u00e1 en el mismo infierno, con la intenci\u00f3n de liberar al mundo del \u00faltimo gran demonio.<\/p>\n<p align=\"justify\">Raazbal conjuga la fantas\u00eda \u00e9pica con la crudeza y el realismo de las guerras medievales, en un mundo donde los ideales sucumben bajo la cl\u00e1mide de la barbarie.<\/p>\n<p>&nbsp;<\/p>\n<p><span style=\"color: #ff0000;\">\u00ab<em>Una gran historia con buenos personajes y hermosas descripciones que nos mantendr\u00e1 en vilo en sus casi trescientas p\u00e1ginas.<\/em>\u00bb\u00a0Carlos Moreno, Fantasy Mundo<\/span><\/p>\n<p><span style=\"color: #ff0000;\">\u00ab<em>Bribi\u00e1n mezcla con acierto el realismo hist\u00f3rico con el g\u00e9nero de la fantas\u00eda \u00e9pica<\/em>\u00bb\u00a0<strong>Ociozero<\/strong><\/span><\/p>\n<p><a style=\"font-size: 0.8em; color: #ed1e24; text-decoration: underline;\" title=\"Raazbal para tu Kindle\" href=\"http:\/\/www.amazon.es\/Raazbal-ebook\/dp\/B0087WMT2A\/ref=sr_1_1?ie=UTF8&amp;qid=1343943486&amp;sr=8-1\" target=\"_blank\"><img data-recalc-dims=\"1\" loading=\"lazy\" decoding=\"async\" data-attachment-id=\"85\" data-permalink=\"http:\/\/oscarbribian.com\/?attachment_id=85\" data-orig-file=\"https:\/\/i0.wp.com\/oscarbribian.com\/wp-content\/uploads\/2013\/03\/raazbal_kindle.jpg?fit=180%2C236\" data-orig-size=\"180,236\" data-comments-opened=\"1\" data-image-meta=\"{&quot;aperture&quot;:&quot;0&quot;,&quot;credit&quot;:&quot;&quot;,&quot;camera&quot;:&quot;&quot;,&quot;caption&quot;:&quot;&quot;,&quot;created_timestamp&quot;:&quot;0&quot;,&quot;copyright&quot;:&quot;&quot;,&quot;focal_length&quot;:&quot;0&quot;,&quot;iso&quot;:&quot;0&quot;,&quot;shutter_speed&quot;:&quot;0&quot;,&quot;title&quot;:&quot;&quot;}\" data-image-title=\"raazbal_kindle\" data-image-description=\"\" data-image-caption=\"\" data-large-file=\"https:\/\/i0.wp.com\/oscarbribian.com\/wp-content\/uploads\/2013\/03\/raazbal_kindle.jpg?fit=180%2C236\" class=\"size-full wp-image-85 alignleft\" src=\"https:\/\/i0.wp.com\/oscarbribian.com\/wp-content\/uploads\/2013\/03\/raazbal_kindle.jpg?resize=180%2C236\" alt=\"raazbal_kindle\" width=\"180\" height=\"236\" \/><\/a><\/p>\n<p>Para saber m\u00e1s:\u00a0<a href=\"http:\/\/www.raazbal.blogspot.com\/\" target=\"_blank\">www.raazbal.blogspot.com<\/a><\/p>\n<p><a title=\"100 primeras p\u00e1ginas de Raazbal\" href=\"http:\/\/oscarbribian.com\/wp-content\/uploads\/2013\/03\/Raazbal-primera-parte-Oscar-Bribian1.pdf\" target=\"_blank\"><strong>Desc\u00e1rgate el PDF con las primeras 110 p\u00e1ginas de la novela pinchando aqu\u00ed.<\/strong><\/a><\/p>\n<p>&nbsp;<\/p>\n<p>&nbsp;<\/p>\n<p>&nbsp;<\/p>\n<p><a href=\"https:\/\/i0.wp.com\/oscarbribian.com\/wp-content\/uploads\/2013\/03\/2010_04_17-diarioaltoaragon-raazbal-blog1.jpg\"><img data-recalc-dims=\"1\" loading=\"lazy\" decoding=\"async\" data-attachment-id=\"401\" data-permalink=\"http:\/\/oscarbribian.com\/?attachment_id=401\" data-orig-file=\"https:\/\/i0.wp.com\/oscarbribian.com\/wp-content\/uploads\/2013\/03\/2010_04_17-diarioaltoaragon-raazbal-blog1.jpg?fit=610%2C764\" data-orig-size=\"610,764\" data-comments-opened=\"1\" data-image-meta=\"{&quot;aperture&quot;:&quot;0&quot;,&quot;credit&quot;:&quot;&quot;,&quot;camera&quot;:&quot;&quot;,&quot;caption&quot;:&quot;&quot;,&quot;created_timestamp&quot;:&quot;0&quot;,&quot;copyright&quot;:&quot;&quot;,&quot;focal_length&quot;:&quot;0&quot;,&quot;iso&quot;:&quot;0&quot;,&quot;shutter_speed&quot;:&quot;0&quot;,&quot;title&quot;:&quot;&quot;}\" data-image-title=\"2010_04_17 diarioaltoaragon raazbal blog\" data-image-description=\"\" data-image-caption=\"\" data-large-file=\"https:\/\/i0.wp.com\/oscarbribian.com\/wp-content\/uploads\/2013\/03\/2010_04_17-diarioaltoaragon-raazbal-blog1.jpg?fit=610%2C764\" class=\"alignnone wp-image-401\" src=\"https:\/\/i0.wp.com\/oscarbribian.com\/wp-content\/uploads\/2013\/03\/2010_04_17-diarioaltoaragon-raazbal-blog1.jpg?resize=256%2C321\" alt=\"2010_04_17 diarioaltoaragon raazbal blog\" width=\"256\" height=\"321\" srcset=\"https:\/\/i0.wp.com\/oscarbribian.com\/wp-content\/uploads\/2013\/03\/2010_04_17-diarioaltoaragon-raazbal-blog1.jpg?w=610 610w, https:\/\/i0.wp.com\/oscarbribian.com\/wp-content\/uploads\/2013\/03\/2010_04_17-diarioaltoaragon-raazbal-blog1.jpg?resize=239%2C300 239w\" sizes=\"auto, (max-width: 256px) 100vw, 256px\" \/><\/a><\/p>\n<p>&nbsp;<\/p>\n<p>&nbsp;<\/p>\n<p>&nbsp;<\/p>\n<p align=\"center\"><span style=\"font-size: 0.8em;\">\u00a0<\/span><\/p>\n","protected":false},"excerpt":{"rendered":"<p>\u00a0Precio libro impreso en librer\u00edas: 16,95 \u20ac Precio e-book: entre 0,89 y 2,70\u20ac en Amazon Precio epub sin DRM: 2,68\u20ac en Literat\u00farame P\u00e1ginas: 300 SINOPSIS: Arasca, el Mundo Oculto, est\u00e1 a punto de experimentar una \u00e9poca turbulenta. Mart\u00edn es designado &hellip; <a href=\"http:\/\/oscarbribian.com\/?page_id=16\">Sigue leyendo <span class=\"meta-nav\">&rarr;<\/span><\/a><\/p>\n","protected":false},"author":1,"featured_media":0,"parent":9,"menu_order":0,"comment_status":"open","ping_status":"open","template":"","meta":{"jetpack_post_was_ever_published":false,"footnotes":""},"class_list":["post-16","page","type-page","status-publish","hentry"],"jetpack_sharing_enabled":true,"jetpack_shortlink":"https:\/\/wp.me\/P9NjCT-g","jetpack_likes_enabled":true,"jetpack-related-posts":[],"_links":{"self":[{"href":"http:\/\/oscarbribian.com\/index.php?rest_route=\/wp\/v2\/pages\/16","targetHints":{"allow":["GET"]}}],"collection":[{"href":"http:\/\/oscarbribian.com\/index.php?rest_route=\/wp\/v2\/pages"}],"about":[{"href":"http:\/\/oscarbribian.com\/index.php?rest_route=\/wp\/v2\/types\/page"}],"author":[{"embeddable":true,"href":"http:\/\/oscarbribian.com\/index.php?rest_route=\/wp\/v2\/users\/1"}],"replies":[{"embeddable":true,"href":"http:\/\/oscarbribian.com\/index.php?rest_route=%2Fwp%2Fv2%2Fcomments&post=16"}],"version-history":[{"count":10,"href":"http:\/\/oscarbribian.com\/index.php?rest_route=\/wp\/v2\/pages\/16\/revisions"}],"predecessor-version":[{"id":931,"href":"http:\/\/oscarbribian.com\/index.php?rest_route=\/wp\/v2\/pages\/16\/revisions\/931"}],"up":[{"embeddable":true,"href":"http:\/\/oscarbribian.com\/index.php?rest_route=\/wp\/v2\/pages\/9"}],"wp:attachment":[{"href":"http:\/\/oscarbribian.com\/index.php?rest_route=%2Fwp%2Fv2%2Fmedia&parent=16"}],"curies":[{"name":"wp","href":"https:\/\/api.w.org\/{rel}","templated":true}]}}