{"id":21,"date":"2013-03-29T11:30:53","date_gmt":"2013-03-29T11:30:53","guid":{"rendered":"http:\/\/oscarbribian.com\/?page_id=21"},"modified":"2013-03-30T09:53:01","modified_gmt":"2013-03-30T09:53:01","slug":"donde-adquirir-los-libros-impresos","status":"publish","type":"page","link":"http:\/\/oscarbribian.com\/?page_id=21","title":{"rendered":"Formas de adquirir libros"},"content":{"rendered":"<p>Los libros se distribuyen a trav\u00e9s de diversas empresas distribuidoras y en multitud de librer\u00edas, tanto f\u00edsicas como virtuales (FNAC, Corte Ingl\u00e9s, Casa del Libro, Cyberdark, Librer\u00eda Central, etc.). Eso ya lo sabes.<\/p>\n<p>Pero si no localizas en cualquier librer\u00eda uno de los libros que deseas, puedes ped\u00edrselo al librero o reservarlo. \u00c9l podr\u00e1 ped\u00edrselo al distribuidor para que la librer\u00eda disponga del libro que buscas en unos d\u00edas. Basta que le digas el t\u00edtulo o el autor del libro. Ellos lo encontrar\u00e1n en sus cat\u00e1logos.<strong><em><br \/>\n<\/em><\/strong><\/p>\n<p>Hoy en d\u00eda tambi\u00e9n suele ser posible adquirir los libros directamente desde la p\u00e1gina web de las editoriales. Muchas de ellas realizan el env\u00edo sin costes a\u00f1adidos.<br \/>\nOtra opci\u00f3n es solicitar el libro en las bibliotecas p\u00fablicas, por medio de un <em>desider\u00e1tum<\/em>. Y pedir que las bibliotecas de los centros escolares e institutos los adquieran tambi\u00e9n es posible. Habla con los bibliotecarios.<\/p>\n<p>Finalmente, tambi\u00e9n te comento que existe desde hace bastantes a\u00f1os una iniciativa de liberaci\u00f3n e intercambio de libros:<\/p>\n<p><a href=\" http:\/\/www.bookcrossing-spain.com\/\" target=\"_blank\">\u00a0http:\/\/www.bookcrossing-spain.com\/<\/a><\/p>\n","protected":false},"excerpt":{"rendered":"<p>Los libros se distribuyen a trav\u00e9s de diversas empresas distribuidoras y en multitud de librer\u00edas, tanto f\u00edsicas como virtuales (FNAC, Corte Ingl\u00e9s, Casa del Libro, Cyberdark, Librer\u00eda Central, etc.). Eso ya lo sabes. Pero si no localizas en cualquier librer\u00eda &hellip; <a href=\"http:\/\/oscarbribian.com\/?page_id=21\">Sigue leyendo <span class=\"meta-nav\">&rarr;<\/span><\/a><\/p>\n","protected":false},"author":1,"featured_media":0,"parent":0,"menu_order":0,"comment_status":"open","ping_status":"open","template":"","meta":{"jetpack_post_was_ever_published":false,"footnotes":""},"class_list":["post-21","page","type-page","status-publish","hentry"],"jetpack_sharing_enabled":true,"jetpack_shortlink":"https:\/\/wp.me\/P9NjCT-l","jetpack_likes_enabled":true,"jetpack-related-posts":[],"_links":{"self":[{"href":"http:\/\/oscarbribian.com\/index.php?rest_route=\/wp\/v2\/pages\/21","targetHints":{"allow":["GET"]}}],"collection":[{"href":"http:\/\/oscarbribian.com\/index.php?rest_route=\/wp\/v2\/pages"}],"about":[{"href":"http:\/\/oscarbribian.com\/index.php?rest_route=\/wp\/v2\/types\/page"}],"author":[{"embeddable":true,"href":"http:\/\/oscarbribian.com\/index.php?rest_route=\/wp\/v2\/users\/1"}],"replies":[{"embeddable":true,"href":"http:\/\/oscarbribian.com\/index.php?rest_route=%2Fwp%2Fv2%2Fcomments&post=21"}],"version-history":[{"count":7,"href":"http:\/\/oscarbribian.com\/index.php?rest_route=\/wp\/v2\/pages\/21\/revisions"}],"predecessor-version":[{"id":453,"href":"http:\/\/oscarbribian.com\/index.php?rest_route=\/wp\/v2\/pages\/21\/revisions\/453"}],"wp:attachment":[{"href":"http:\/\/oscarbribian.com\/index.php?rest_route=%2Fwp%2Fv2%2Fmedia&parent=21"}],"curies":[{"name":"wp","href":"https:\/\/api.w.org\/{rel}","templated":true}]}}