{"id":446,"date":"2013-03-30T09:44:35","date_gmt":"2013-03-30T09:44:35","guid":{"rendered":"http:\/\/oscarbribian.com\/?page_id=446"},"modified":"2016-10-18T08:21:22","modified_gmt":"2016-10-18T06:21:22","slug":"otras-antologias","status":"publish","type":"page","link":"http:\/\/oscarbribian.com\/?page_id=446","title":{"rendered":"Otras antolog\u00edas"},"content":{"rendered":"<p><a style=\"font-size: 0.8em; color: #ed1e24; text-decoration: underline;\" href=\"https:\/\/i0.wp.com\/oscarbribian.com\/wp-content\/uploads\/2013\/03\/Insomnia-small.jpg\"><img data-recalc-dims=\"1\" loading=\"lazy\" decoding=\"async\" data-attachment-id=\"70\" data-permalink=\"http:\/\/oscarbribian.com\/?attachment_id=70\" data-orig-file=\"https:\/\/i0.wp.com\/oscarbribian.com\/wp-content\/uploads\/2013\/03\/Insomnia-small.jpg?fit=185%2C269\" data-orig-size=\"185,269\" data-comments-opened=\"1\" data-image-meta=\"{&quot;aperture&quot;:&quot;0&quot;,&quot;credit&quot;:&quot;&quot;,&quot;camera&quot;:&quot;&quot;,&quot;caption&quot;:&quot;&quot;,&quot;created_timestamp&quot;:&quot;0&quot;,&quot;copyright&quot;:&quot;&quot;,&quot;focal_length&quot;:&quot;0&quot;,&quot;iso&quot;:&quot;0&quot;,&quot;shutter_speed&quot;:&quot;0&quot;,&quot;title&quot;:&quot;&quot;}\" data-image-title=\"Insomnia small\" data-image-description=\"\" data-image-caption=\"\" data-large-file=\"https:\/\/i0.wp.com\/oscarbribian.com\/wp-content\/uploads\/2013\/03\/Insomnia-small.jpg?fit=185%2C269\" class=\" wp-image-70 alignleft\" src=\"https:\/\/i0.wp.com\/oscarbribian.com\/wp-content\/uploads\/2013\/03\/Insomnia-small.jpg?resize=200%2C270\" alt=\"Insomnia small\" width=\"200\" height=\"270\" \/><\/a><\/p>\n<p>&nbsp;<\/p>\n<p>Precio libro impreso en librer\u00edas: 18 \u20ac (<a title=\"Compra Insomnia\" href=\"http:\/\/www.casadellibro.com\/libro-insomnia-relatos-para-no-dormir\/9788415156406\/1973142\" target=\"_blank\">Casa del libro<\/a>)<\/p>\n<p>P\u00e1ginas: 204<\/p>\n<p>Antolog\u00eda de algunos de los mejores relatos de terror procedentes de los socios de NOCTE, para conformar un conjunto aterrador y desasosegangte, lleno de la mejor literatura de terror nacional.<\/p>\n<p>&nbsp;<\/p>\n<p>&nbsp;<\/p>\n<p>&nbsp;<\/p>\n<p>&nbsp;<\/p>\n<p>&nbsp;<\/p>\n<p>&nbsp;<\/p>\n<p><a style=\"font-size: 0.8em;\" href=\"https:\/\/i0.wp.com\/oscarbribian.com\/wp-content\/uploads\/2013\/03\/espana-criminal_small.jpg\"><img data-recalc-dims=\"1\" loading=\"lazy\" decoding=\"async\" data-attachment-id=\"67\" data-permalink=\"http:\/\/oscarbribian.com\/?attachment_id=67\" data-orig-file=\"https:\/\/i0.wp.com\/oscarbribian.com\/wp-content\/uploads\/2013\/03\/espana-criminal_small.jpg?fit=274%2C384\" data-orig-size=\"274,384\" data-comments-opened=\"1\" data-image-meta=\"{&quot;aperture&quot;:&quot;0&quot;,&quot;credit&quot;:&quot;&quot;,&quot;camera&quot;:&quot;&quot;,&quot;caption&quot;:&quot;&quot;,&quot;created_timestamp&quot;:&quot;0&quot;,&quot;copyright&quot;:&quot;&quot;,&quot;focal_length&quot;:&quot;0&quot;,&quot;iso&quot;:&quot;0&quot;,&quot;shutter_speed&quot;:&quot;0&quot;,&quot;title&quot;:&quot;&quot;}\" data-image-title=\"espana criminal_small\" data-image-description=\"\" data-image-caption=\"\" data-large-file=\"https:\/\/i0.wp.com\/oscarbribian.com\/wp-content\/uploads\/2013\/03\/espana-criminal_small.jpg?fit=274%2C384\" class=\"wp-image-67 alignleft\" src=\"https:\/\/i0.wp.com\/oscarbribian.com\/wp-content\/uploads\/2013\/03\/espana-criminal_small.jpg?resize=200%2C270\" alt=\"espana criminal_small\" width=\"200\" height=\"270\" \/><\/a><\/p>\n<p><span style=\"font-size: 0.8em;\">\u00a0<\/span><\/p>\n<p>P\u00e1ginas: 303<\/p>\n<p>ESPA\u00d1A CRIMINAL es una antolog\u00eda de relatos negros tan gamberra como ambiciosa. El sexo, la muerte y la cr\u00edtica social m\u00e1s descarnada, como no pod\u00eda ser de otra forma, se dan cita en una obra coral que a\u00fana la rebeld\u00eda de la beat generation con 15 periodistas, escritores y plumillas de diverso pelaje y condici\u00f3n que, por unos d\u00edas, han dejado sus quehaceres cotidianos para centrarse en el mundo del lumpen y sus tr\u00e1gicas consecuencias.<br \/>\nIncluso un ex ministro del Gobierno de Espa\u00f1a presta su afilado sentido del humor a este apasionante experimento literario.<\/p>\n<p>ESPA\u00d1A CRIMINAL no deja indiferente a nadie. Algunos relatos son m\u00e1s tiernos, otros m\u00e1s crudos. Los hay que entran de lleno en el g\u00e9nero pulp, cohabitando con otros tan violentos que apenas quedan adjetivos para calificarlos. En cualquier caso, a buen seguro el lector encontrar\u00e1 entre sus p\u00e1ginas diversi\u00f3n a raudales.<\/p>\n","protected":false},"excerpt":{"rendered":"<p>&nbsp; Precio libro impreso en librer\u00edas: 18 \u20ac (Casa del libro) P\u00e1ginas: 204 Antolog\u00eda de algunos de los mejores relatos de terror procedentes de los socios de NOCTE, para conformar un conjunto aterrador y desasosegangte, lleno de la mejor literatura &hellip; <a href=\"http:\/\/oscarbribian.com\/?page_id=446\">Sigue leyendo <span class=\"meta-nav\">&rarr;<\/span><\/a><\/p>\n","protected":false},"author":1,"featured_media":0,"parent":9,"menu_order":0,"comment_status":"open","ping_status":"open","template":"","meta":{"jetpack_post_was_ever_published":false,"footnotes":""},"class_list":["post-446","page","type-page","status-publish","hentry"],"jetpack_sharing_enabled":true,"jetpack_shortlink":"https:\/\/wp.me\/P9NjCT-7c","jetpack_likes_enabled":true,"jetpack-related-posts":[],"_links":{"self":[{"href":"http:\/\/oscarbribian.com\/index.php?rest_route=\/wp\/v2\/pages\/446","targetHints":{"allow":["GET"]}}],"collection":[{"href":"http:\/\/oscarbribian.com\/index.php?rest_route=\/wp\/v2\/pages"}],"about":[{"href":"http:\/\/oscarbribian.com\/index.php?rest_route=\/wp\/v2\/types\/page"}],"author":[{"embeddable":true,"href":"http:\/\/oscarbribian.com\/index.php?rest_route=\/wp\/v2\/users\/1"}],"replies":[{"embeddable":true,"href":"http:\/\/oscarbribian.com\/index.php?rest_route=%2Fwp%2Fv2%2Fcomments&post=446"}],"version-history":[{"count":4,"href":"http:\/\/oscarbribian.com\/index.php?rest_route=\/wp\/v2\/pages\/446\/revisions"}],"predecessor-version":[{"id":1126,"href":"http:\/\/oscarbribian.com\/index.php?rest_route=\/wp\/v2\/pages\/446\/revisions\/1126"}],"up":[{"embeddable":true,"href":"http:\/\/oscarbribian.com\/index.php?rest_route=\/wp\/v2\/pages\/9"}],"wp:attachment":[{"href":"http:\/\/oscarbribian.com\/index.php?rest_route=%2Fwp%2Fv2%2Fmedia&parent=446"}],"curies":[{"name":"wp","href":"https:\/\/api.w.org\/{rel}","templated":true}]}}