{"id":639,"date":"2014-08-08T18:13:40","date_gmt":"2014-08-08T18:13:40","guid":{"rendered":"http:\/\/oscarbribian.com\/?page_id=639"},"modified":"2016-10-18T08:20:55","modified_gmt":"2016-10-18T06:20:55","slug":"el-sueno-del-depredador","status":"publish","type":"page","link":"http:\/\/oscarbribian.com\/?page_id=639","title":{"rendered":"El sue\u00f1o del depredador"},"content":{"rendered":"<h1><a href=\"https:\/\/i0.wp.com\/oscarbribian.com\/wp-content\/uploads\/2014\/08\/mini_depredador_oscarbribian.jpg\"><img data-recalc-dims=\"1\" loading=\"lazy\" decoding=\"async\" data-attachment-id=\"640\" data-permalink=\"http:\/\/oscarbribian.com\/?attachment_id=640\" data-orig-file=\"https:\/\/i0.wp.com\/oscarbribian.com\/wp-content\/uploads\/2014\/08\/mini_depredador_oscarbribian.jpg?fit=396%2C591\" data-orig-size=\"396,591\" data-comments-opened=\"1\" data-image-meta=\"{&quot;aperture&quot;:&quot;0&quot;,&quot;credit&quot;:&quot;&quot;,&quot;camera&quot;:&quot;&quot;,&quot;caption&quot;:&quot;&quot;,&quot;created_timestamp&quot;:&quot;0&quot;,&quot;copyright&quot;:&quot;&quot;,&quot;focal_length&quot;:&quot;0&quot;,&quot;iso&quot;:&quot;0&quot;,&quot;shutter_speed&quot;:&quot;0&quot;,&quot;title&quot;:&quot;&quot;}\" data-image-title=\"mini_depredador_oscarbribian\" data-image-description=\"\" data-image-caption=\"\" data-large-file=\"https:\/\/i0.wp.com\/oscarbribian.com\/wp-content\/uploads\/2014\/08\/mini_depredador_oscarbribian.jpg?fit=396%2C591\" class=\"alignleft wp-image-640 \" src=\"https:\/\/i0.wp.com\/oscarbribian.com\/wp-content\/uploads\/2014\/08\/mini_depredador_oscarbribian.jpg?resize=276%2C411\" alt=\"mini_depredador_oscarbribian\" width=\"276\" height=\"411\" srcset=\"https:\/\/i0.wp.com\/oscarbribian.com\/wp-content\/uploads\/2014\/08\/mini_depredador_oscarbribian.jpg?resize=201%2C300 201w, https:\/\/i0.wp.com\/oscarbribian.com\/wp-content\/uploads\/2014\/08\/mini_depredador_oscarbribian.jpg?w=396 396w\" sizes=\"auto, (max-width: 276px) 100vw, 276px\" \/><\/a><\/h1>\n<p style=\"color: #333333;\">Tem\u00e1tica: thriller polic\u00edaco<\/p>\n<p style=\"color: #333333;\">Precio libro en librer\u00edas: 16\u00a0\u20ac (<a href=\"http:\/\/www.casadellibro.com\/libro-el-sueno-del-depredador\/9788494225703\/2371015\" target=\"_blank\">Casa del Libro<\/a>, <a href=\"http:\/\/www.amazon.es\/sue%C3%B1o-del-Depredador-Oscar-Bribi%C3%A1n\/dp\/8494225707\/ref=sr_1_1?ie=UTF8&amp;qid=1412469026&amp;sr=8-1&amp;keywords=el+sue%C3%B1o+del+depredador\" target=\"_blank\">Amazon<\/a>, <a href=\"http:\/\/ocio.elcorteingles.es\/libros\/libro\/el-sueno-del-depredador-9788494225703\" target=\"_blank\">El Corte Ingl\u00e9s<\/a>, <a href=\"http:\/\/www.todostuslibros.com\/libros\/el-sueno-del-depredador_978-84-942257-0-3\" target=\"_blank\">otras<\/a>)<\/p>\n<p>Precio e-book: 4,90 \u20ac (<a href=\"http:\/\/www.amazon.es\/sue%C3%B1o-del-depredador-%C3%93scar-Bribi%C3%A1n-ebook\/dp\/B00O4CVNGK\/ref=sr_1_11?s=books&amp;ie=UTF8&amp;qid=1412470248&amp;sr=1-11&amp;keywords=bribian\" target=\"_blank\">Amazon<\/a>, <a href=\"http:\/\/www.ed-versatil.com\/web\/tienda\/el-sueno-del-depredador\/\" target=\"_blank\">web de Vers\u00e1til<\/a>)<\/p>\n<p>P\u00e1ginas: 240<\/p>\n<p><strong>SINOPSIS:<\/strong><\/p>\n<p>\u00bfQu\u00e9 tienen en com\u00fan los poemas de Baudelarie, Silvia Plath o Leonard Cohen con los ahorcamientos para alcanzar el cl\u00edmax durante la asfixia autoer\u00f3tica?<\/p>\n<p>En un control rutinario en la carretera de entrada a Zaragoza, la Polic\u00eda detiene un veh\u00edculo sospechoso. En su interior encuentran varios cerdos muertos y diversos instrumentos para desollarlos, algo extra\u00f1o, pero no especialmente preocupante\u2026 si no fuera porque en la boca de uno de los animales aparece un dedo humano\u2026<\/p>\n<p>Laura Beltr\u00e1n, la nueva subinspectora de la Brigada Provincial de Homicidios, y su superior, Santiago Herrera, un veterano inspector, se ver\u00e1n envueltos en un abanico de asesinatos que combinan el sadismo y los enigmas de la psicopat\u00eda con las inquietudes propias del comportamiento humano.<\/p>\n<p><em>El sue\u00f1o del depredador<\/em> es una obra intensa y \u00e1gil, convincente hasta en los peque\u00f1os detalles, con una trama que entrelaza a los poetas malditos con el imaginario lovecraftiano, personajes extra\u00f1os y protagonistas afectados por penitencias y contradicciones. Una obra que transmite la esencia del verdadero ambiente policial m\u00e1s all\u00e1 de los estereotipos, narrada con una precisi\u00f3n y una veracidad que asustan.<\/p>\n<p>&nbsp;<\/p>\n<p><span style=\"color: #ff0000;\">\u00abA<em>dem\u00e1s de documentarnos y situarnos certeramente en la realidad y actualidad policial, la novela de Bribi\u00e1n nos atrapar\u00e1 desde un principio por la singularidad del enigma planteado y por sus recursos esc\u00e9nicos y literarios.\u00a0Bien escrito, con pulso y ritmo, el argumento apuntar\u00e1 tambi\u00e9n hacia los trasfondos de la naturaleza humana, hacia los s\u00f3tanos donde alientan nuestros monstruos<\/em>\u00ab<\/span><\/p>\n<p><span style=\"color: #ff0000;\">Juan Bolea, El peri\u00f3dico de Arag\u00f3n<\/span><\/p>\n<p><em><span style=\"color: #ff0000;\">\u201cEl sue\u00f1o del depredador es una novela dura, con un comienzo arrollador y un desarrollo r\u00e1pido y certero&#8230;\u00a0Si hay algo que me gusta de la forma de escribir de Bribi\u00e1n es que no trata de convencer al lector de nada, sino que m\u00e1s bien pone ante sus ojos una historia interesante y deja que sus personajes hablen por \u00e9l. No tiene complejos, y eso se agradece<span class=\"text_exposed_show\">.\u00bb<\/span><\/span><\/em><\/p>\n<p><span style=\"color: #ff0000;\">Revista Fiat Lux<\/span><\/p>\n<p><span style=\"color: #ff0000;\">\u00ab<em>El sue\u00f1o del depredador tiene un principio contundente, que arrolla, un inicio de los que sacuden al lector de su letargo y l<span class=\"text_exposed_show\">os pone en tensi\u00f3n, y esta se mantiene durante toda la historia mediante giros y mazazos que noquean al imprudente que en el intermezzo osa relajarse&#8230;\u00a0<\/span>El autor cierra la historia con justicia po\u00e9tica, y sinceramente me ha impactado el final, no pod\u00eda ser otro, un broche de oro que cierra una buena historia&#8230;\u00a0Y todo ello con un lenguaje \u00e1gil, sencillo que no abusa de tecnicismos y un buen uso de la tensi\u00f3n el autor nos mantiene pegados a las p\u00e1ginas del libro, y nos deja hu\u00e9rfanos cuando escribe la palabra fin\u00bb<\/em><\/span><\/p>\n<div class=\"text_exposed_show\">\n<p><span style=\"color: #ff0000;\">De tinta en vena<\/span><\/p>\n<p><span style=\"color: #ff0000;\">\u00ab<em>Vers\u00e1til nos trae a un nuevo autor, \u00d3scar Bribi\u00e1n, que auguro ser\u00e1 un nuevo \u00e9xito\u00bb<\/em><\/span><\/p>\n<p><span style=\"color: #ff0000;\">Libros que hay que leer<\/span><\/p>\n<p><em><span style=\"color: #ff0000;\">\u00abCon estos ingredientes el autor ha conseguido una historia realmente sorprendente y con identidad propia\u00bb<\/span><\/em><\/p>\n<p><span style=\"color: #ff0000;\">Melod\u00edas por escrito<\/span><\/p>\n<p><span style=\"color: #ff0000;\">\u00abun <i>thriller<\/i> de poco m\u00e1s de doscientas p\u00e1ginas de lectura vertiginosa que, entre otras cosas, se r\u00ede de los t\u00f3picos de la novela negra manufacturada a imitaci\u00f3n del cine de acci\u00f3n de Hollywood. Esto es otra cosa; afortunadamente\u00bb<\/span><\/p>\n<p><span style=\"color: #ff0000;\">Abandonad toda esperanza- El peri\u00f3dico de Villena<\/span><\/p>\n<\/div>\n<p>&nbsp;<\/p>\n<p>Visualiza el Booktrailer de la novela <a href=\"http:\/\/www.youtube.com\/watch?v=mIM6QWsU6bY\" target=\"_blank\">aqu\u00ed<\/a>.<\/p>\n<p>Visualiza los primeros cap\u00edtulos <a href=\"http:\/\/www.ed-versatil.com\/web\/wp-content\/uploads\/CAPIS-DEPREDADOR.pdf\" target=\"_blank\">aqu\u00ed<\/a>\u00a0en pdf.<\/p>\n<p>Otros p\u00e1rrafos extra\u00eddos de la novela, pertenecientes a distintos momentos y personajes:<\/p>\n<address>\u00abPero Herrera llevaba los a\u00f1os suficientes en el Cuerpo y en la universidad de la vida como para que le resbalase que la sociedad estuviera ba\u00f1ada de una p\u00e1tina de falsa pureza por cuyos resquicios se colaban conquistadores de vac\u00edos legales, delincuentes que cumpl\u00edan condenas irrisorias, l\u00edderes que lanzaban proclamas inocuas y v\u00edctimas\u00a0que morir\u00edan anhelando justicia. Aunque todo fuera una\u00a0gran mentira, cuando uno se tiraba tres a\u00f1os opositando\u00a0para obtener una plaza de inspector de polic\u00eda en igualdad\u00a0de oportunidades frente a cientos de aspirantes, y lo\u00a0consegu\u00eda, ya no importaba tanto toda la mierda que ol\u00eda\u00a0en el vertedero; porque al menos se ten\u00eda un sueldo fijo con\u00a0el que no ahogarse y se pod\u00eda tirar para adelante, siempre\u00a0que uno no fuera demasiado impertinente con los de arriba.\u00a0En esta vida, pensaba Herrera, es lo \u00fanico que puede\u00a0hacer quien nace sin estrella y no tiene quien le gu\u00ede. Otro\u00a0camino era el de trepar jodiendo a otros mejores, pero \u00e9l\u00a0era un hombre con escr\u00fapulos. As\u00ed que, tras los dos a\u00f1os\u00a0de formaci\u00f3n en la academia de \u00c1vila, donde procuraron\u00a0llenarle el cerebro de leyes y obligaciones, normas y f\u00e9rreos\u00a0protocolos, sali\u00f3 a la cruda realidad, esa que no tiene nada\u00a0que ver con los medios de comunicaci\u00f3n ni con las notas\u00a0oficiales, con las reuniones ministeriales ni con las comitivas\u00a0escoltadas. Se gradu\u00f3 teniendo en la cabeza la primera\u00a0premisa que le ense\u00f1\u00f3 un barbudo subinspector de la Brigada\u00a0de Extranjer\u00eda, cuya barriga hab\u00eda inspeccionado demasiados\u00a0almuerzos en bares de tercera fila: \u00abpara ser un\u00a0buen polic\u00eda hay que saber mentir y escribir bien la mentira\u00bb. Una buena intervenci\u00f3n se convert\u00eda en una sanci\u00f3n\u00a0disciplinaria sin empleo y sueldo si no se explicaba bien o\u00a0no se dejaba todo bien atado en el informe policial, pero\u00a0la mayor cagada o el peor delito pod\u00eda estar tan bien envuelto\u00a0en papel mach\u00e9 que pod\u00eda terminar en una medalla.\u00a0Escribir bien, s\u00ed. Eso era mucho m\u00e1s importante que un\u00a0segundo dan en artes marciales, un t\u00edtulo en Criminolog\u00eda\u00a0o una memoria fotogr\u00e1fica. Y de eso, de escribir, sab\u00eda mucho\u00a0Herrera, licenciado en Derecho, que vio las fauces del<br \/>\nlobo en cuanto termin\u00f3 la carrera y escuch\u00f3 a una jefa de\u00a0Recursos Humanos decir que el t\u00edtulo de una carrera de letras\u00a0puras no serv\u00eda ni para iniciar una buena hoguera en\u00a0una empresa privada. \u00c9l sab\u00eda que, con su carrera, sin estar afiliado a un partido pol\u00edtico y sin contactos importantes, solo podr\u00eda trabajar como pasante en un buffete de abogados, cobrando menos dinero al mes de lo que le costar\u00eda el traje y el malet\u00edn necesarios. Su padre hab\u00eda sido Guardia Civil toda la vida, de esos que terminan siendo sargentos porque en el examen cuenta m\u00e1s la antig\u00fcedad que los conocimientos para la baremaci\u00f3n. Y como Herrera sab\u00eda que en la polic\u00eda tendr\u00eda un trabajo para toda la vida, all\u00ed se fue, pese a que su madre, escritora de novelas pulp bajo seud\u00f3nimo, lo desaprobaba. Afortunadamente, mientras opositaba, encontr\u00f3 la verdadera vocaci\u00f3n, aunque luego la realidad profesional se la quitara a machetazos.\u00bb<\/address>\n<address>\u00a0<\/address>\n<address style=\"color: #333333;\">\u00a0\u00abLos ojos de Clara Ballester eran dos botones grises velados por el humo del tabaco. Acerc\u00f3 el cigarrillo con mano temblorosa hacia su boca. Ten\u00eda el labio inferior amoratado. Dio una larga calada y apoy\u00f3 la dolorida espalda en el desvencijado sof\u00e1. Si llamase a la polic\u00eda podr\u00edan detenerle ipso facto. Bajar\u00edan al bar y lo encontrar\u00edan all\u00ed, borracho, perjurando contra el tuerto que lo mir\u00f3 mal y contra el camarero que le sirve whisky de segunda destilaci\u00f3n pero le deja comerse la boller\u00eda a \u00faltima hora de la tarde. Bastar\u00eda una sola llamada y terminar\u00eda aquel calvario. Pero un camino todav\u00eda m\u00e1s duro comenzar\u00eda. Tendr\u00eda que encontrar un trabajo, y Dios sab\u00eda que en los tiempos que corr\u00edan eso era algo casi imposible para alguien con el curr\u00edculum cercenado desde el embarazo. No pod\u00eda enviar a su hijo a la marginalidad, condenarlo a la indigencia, por mucho que la situaci\u00f3n actual terminase por volverlos locos a los dos. Necesitaba un salario para salir adelante. Al menos Fernando cobraba el desempleo. Todav\u00eda le quedaban diez meses. Si se terminara la entrada de dinero, quiz\u00e1 ver\u00eda m\u00e1s clara la escapatoria. Ya no habr\u00eda nada que la retuviera all\u00ed, en esa c\u00e1rcel de paredes celestes y molduras de poliestireno. Nada la retendr\u00eda, excepto el miedo.\u00bb<\/address>\n<address style=\"color: #333333;\">\u00a0<\/address>\n<address>\u00abApoy\u00f3 los zapatos en el suelo de lin\u00f3leo y se volvi\u00f3 hacia la cisterna. Ah\u00ed, sobre la tapa, hab\u00eda preparado una raya tan larga como la banda del Bernab\u00e9u. Se inclin\u00f3 sobre ella porque ya ten\u00eda el est\u00f3mago tan hinchado de caf\u00e9 que no le hac\u00eda efecto. Era un oso hormiguero de ochenta kilos que hab\u00eda cambiado los insectos por los mejores alcaloides. Despu\u00e9s abri\u00f3 el pestillo y se mir\u00f3 en el espejo, por si hubiera alg\u00fan rastro. Se acerc\u00f3 al cristal a la distancia de la suela de sus zapatos y descubri\u00f3 multitud de poros y arrugas donde antes solo hab\u00eda piel tersa. Con el \u00edndice y el pulgar estir\u00f3 un pelo que sobresal\u00eda de las fosas nasales. Peg\u00f3 un tir\u00f3n y lo arranc\u00f3 para abandonarlo en el lavabo. Abri\u00f3 el grifo para hacerlo desaparecer en un remolino que se parec\u00eda a su \u00fanica relaci\u00f3n conyugal. Antes de salir al pasillo, aspir\u00f3 hondo por el lado del arrancado cabello y un espumarajo amargo se hundi\u00f3 en su garganta.\u00bb<\/address>\n<p>&nbsp;<\/p>\n","protected":false},"excerpt":{"rendered":"<p>Tem\u00e1tica: thriller polic\u00edaco Precio libro en librer\u00edas: 16\u00a0\u20ac (Casa del Libro, Amazon, El Corte Ingl\u00e9s, otras) Precio e-book: 4,90 \u20ac (Amazon, web de Vers\u00e1til) P\u00e1ginas: 240 SINOPSIS: \u00bfQu\u00e9 tienen en com\u00fan los poemas de Baudelarie, Silvia Plath o Leonard Cohen &hellip; <a href=\"http:\/\/oscarbribian.com\/?page_id=639\">Sigue leyendo <span class=\"meta-nav\">&rarr;<\/span><\/a><\/p>\n","protected":false},"author":1,"featured_media":0,"parent":9,"menu_order":0,"comment_status":"open","ping_status":"open","template":"","meta":{"jetpack_post_was_ever_published":false,"footnotes":""},"class_list":["post-639","page","type-page","status-publish","hentry"],"jetpack_sharing_enabled":true,"jetpack_shortlink":"https:\/\/wp.me\/P9NjCT-aj","jetpack_likes_enabled":true,"jetpack-related-posts":[],"_links":{"self":[{"href":"http:\/\/oscarbribian.com\/index.php?rest_route=\/wp\/v2\/pages\/639","targetHints":{"allow":["GET"]}}],"collection":[{"href":"http:\/\/oscarbribian.com\/index.php?rest_route=\/wp\/v2\/pages"}],"about":[{"href":"http:\/\/oscarbribian.com\/index.php?rest_route=\/wp\/v2\/types\/page"}],"author":[{"embeddable":true,"href":"http:\/\/oscarbribian.com\/index.php?rest_route=\/wp\/v2\/users\/1"}],"replies":[{"embeddable":true,"href":"http:\/\/oscarbribian.com\/index.php?rest_route=%2Fwp%2Fv2%2Fcomments&post=639"}],"version-history":[{"count":14,"href":"http:\/\/oscarbribian.com\/index.php?rest_route=\/wp\/v2\/pages\/639\/revisions"}],"predecessor-version":[{"id":1002,"href":"http:\/\/oscarbribian.com\/index.php?rest_route=\/wp\/v2\/pages\/639\/revisions\/1002"}],"up":[{"embeddable":true,"href":"http:\/\/oscarbribian.com\/index.php?rest_route=\/wp\/v2\/pages\/9"}],"wp:attachment":[{"href":"http:\/\/oscarbribian.com\/index.php?rest_route=%2Fwp%2Fv2%2Fmedia&parent=639"}],"curies":[{"name":"wp","href":"https:\/\/api.w.org\/{rel}","templated":true}]}}